{"id":13254,"date":"2019-01-16T11:38:26","date_gmt":"2019-01-16T11:38:26","guid":{"rendered":"https:\/\/www.viager-equilibre.lu\/viager-berechnung-gratis-viager-etude-rente-bouquet\/"},"modified":"2023-10-20T07:33:41","modified_gmt":"2023-10-20T07:33:41","slug":"viager-berechnung-gratis-viager-etude-rente-bouquet","status":"publish","type":"page","link":"https:\/\/www.viager-equilibre.lu\/lb-lu\/viager-berechnung-gratis-viager-etude-rente-bouquet\/","title":{"rendered":"Liewensrente Berechnung &#8211; Gratis Liewensrente Etude &#8211; Rente \/ Bouquet"},"content":{"rendered":"<p>[vc_row][vc_column css=&#8221;.vc_custom_1547648838129{margin-top: 0px !important;padding-top: 0px !important;border-radius: 2px !important;}&#8221;][vc_column_text]<\/p>\n<h3>Ufro fir Viager Berechnung oder Liewensrente Simulatioun<\/h3>\n<h3>PERSONALIS\u00c9IERT AN GRATIS LIEWENSRENTE SCH\u00c4TZUNG<\/h3>\n<h3>LIEWENSRENTE\u00a0Berechnung Simulatioun<\/h3>\n<p>[\/vc_column_text][\/vc_column][\/vc_row][vc_row][vc_column css=&#8221;.vc_custom_1547648786451{margin-top: 0px !important;margin-right: 0px !important;margin-bottom: 0px !important;margin-left: 0px !important;border-top-width: 2px !important;border-right-width: 2px !important;border-bottom-width: 2px !important;border-left-width: 2px !important;padding-top: 10px !important;padding-right: 10px !important;padding-bottom: 10px !important;padding-left: 10px !important;background-color: #fcfcfc !important;border-left-color: #590000 !important;border-left-style: solid !important;border-right-color: #590000 !important;border-right-style: solid !important;border-top-color: #590000 !important;border-top-style: solid !important;border-bottom-color: #590000 !important;border-bottom-style: solid !important;border-radius: 10px !important;}&#8221;][vc_column_text]\n<div class=\"wpcf7 no-js\" id=\"wpcf7-f13346-o1\" lang=\"lb-LU\" dir=\"ltr\" data-wpcf7-id=\"13346\">\n<div class=\"screen-reader-response\"><p role=\"status\" aria-live=\"polite\" aria-atomic=\"true\"><\/p> <ul><\/ul><\/div>\n<form action=\"\/lb-lu\/wp-json\/wp\/v2\/pages\/13254#wpcf7-f13346-o1\" method=\"post\" class=\"wpcf7-form init\" aria-label=\"Contact form\" novalidate=\"novalidate\" data-status=\"init\">\n<fieldset class=\"hidden-fields-container\"><input type=\"hidden\" name=\"_wpcf7\" value=\"13346\" \/><input type=\"hidden\" name=\"_wpcf7_version\" value=\"6.1.5\" \/><input type=\"hidden\" name=\"_wpcf7_locale\" value=\"lb_LU\" \/><input type=\"hidden\" name=\"_wpcf7_unit_tag\" value=\"wpcf7-f13346-o1\" \/><input type=\"hidden\" name=\"_wpcf7_container_post\" value=\"0\" \/><input type=\"hidden\" name=\"_wpcf7_posted_data_hash\" value=\"\" \/><input type=\"hidden\" name=\"_wpcf7cf_hidden_group_fields\" value=\"[]\" \/><input type=\"hidden\" name=\"_wpcf7cf_hidden_groups\" value=\"[]\" \/><input type=\"hidden\" name=\"_wpcf7cf_visible_groups\" value=\"[]\" \/><input type=\"hidden\" name=\"_wpcf7cf_repeaters\" value=\"[]\" \/><input type=\"hidden\" name=\"_wpcf7cf_steps\" value=\"{}\" \/><input type=\"hidden\" name=\"_wpcf7cf_options\" value=\"{&quot;form_id&quot;:13346,&quot;conditions&quot;:[],&quot;settings&quot;:{&quot;animation&quot;:&quot;yes&quot;,&quot;animation_intime&quot;:200,&quot;animation_outtime&quot;:200,&quot;conditions_ui&quot;:&quot;normal&quot;,&quot;notice_dismissed&quot;:false}}\" \/><input type=\"hidden\" name=\"_wpcf7_recaptcha_response\" value=\"\" \/>\n<\/fieldset>\n<p>Wesentlech Elementer fir ze w\u00ebssen, d\u00e9i eis erlaben \u00c4r Studie auszef\u00e9ieren *\n<\/p>\n<p><b><i>Immobilie fir ze verkafen*:<\/i><\/b><br \/>\n<span class=\"wpcf7-form-control-wrap\" data-name=\"Bienvendre\"><span class=\"wpcf7-form-control wpcf7-checkbox wpcf7-validates-as-required\"><span class=\"wpcf7-list-item first\"><input type=\"checkbox\" name=\"Bienvendre[]\" value=\"Appartement\" \/><span class=\"wpcf7-list-item-label\">Appartement<\/span><\/span><span class=\"wpcf7-list-item\"><input type=\"checkbox\" name=\"Bienvendre[]\" value=\"Haus\" \/><span class=\"wpcf7-list-item-label\">Haus<\/span><\/span><span class=\"wpcf7-list-item last\"><input type=\"checkbox\" name=\"Bienvendre[]\" value=\"Aner\" \/><span class=\"wpcf7-list-item-label\">Aner<\/span><\/span><\/span><\/span>\n<\/p>\n<p><b><i>Zort Liewensrente*:<\/i><\/b><br \/>\n<span class=\"wpcf7-form-control-wrap\" data-name=\"Typedeviager\"><span class=\"wpcf7-form-control wpcf7-checkbox wpcf7-validates-as-required\"><span class=\"wpcf7-list-item first\"><input type=\"checkbox\" name=\"Typedeviager[]\" value=\"Liewensrente besat mat Renten\" \/><span class=\"wpcf7-list-item-label\">Liewensrente besat mat Renten<\/span><\/span><span class=\"wpcf7-list-item\"><input type=\"checkbox\" name=\"Typedeviager[]\" value=\"Liewensrente besat ouni Renten\" \/><span class=\"wpcf7-list-item-label\">Liewensrente besat ouni Renten<\/span><\/span><span class=\"wpcf7-list-item\"><input type=\"checkbox\" name=\"Typedeviager[]\" value=\"Liewensrente fr\u00e4i\" \/><span class=\"wpcf7-list-item-label\">Liewensrente fr\u00e4i<\/span><\/span><span class=\"wpcf7-list-item last\"><input type=\"checkbox\" name=\"Typedeviager[]\" value=\"Forward Verkaf (Vente \u00e0 terme)\" \/><span class=\"wpcf7-list-item-label\">Forward Verkaf (Vente \u00e0 terme)<\/span><\/span><\/span><\/span>\n<\/p>\n<p><b><i>Zuel vun de Verkeefer*:<\/i><\/b><br \/>\n<span class=\"wpcf7-form-control-wrap\" data-name=\"NbreDeVendeur\"><input size=\"40\" maxlength=\"400\" class=\"wpcf7-form-control wpcf7-text wpcf7-validates-as-required\" aria-required=\"true\" aria-invalid=\"false\" placeholder=\"Heads\" value=\"\" type=\"text\" name=\"NbreDeVendeur\" \/><\/span>\n<\/p>\n<p><b><i>Alter vum H\u00e4r* (setzen 0 wann eng eenzeg Persoun):<\/i><\/b><br \/>\n<span class=\"wpcf7-form-control-wrap\" data-name=\"AgeDeMonsieur\"><input size=\"40\" maxlength=\"400\" class=\"wpcf7-form-control wpcf7-text wpcf7-validates-as-required\" aria-required=\"true\" aria-invalid=\"false\" placeholder=\"Ans\" value=\"\" type=\"text\" name=\"AgeDeMonsieur\" \/><\/span>\n<\/p>\n<p><b><i>Alter vun der Madame* (setzen 0 wann eng eenzeg Persoun):<\/i><\/b><br \/>\n<span class=\"wpcf7-form-control-wrap\" data-name=\"AgeDeMadame\"><input size=\"40\" maxlength=\"400\" class=\"wpcf7-form-control wpcf7-text wpcf7-validates-as-required\" aria-required=\"true\" aria-invalid=\"false\" placeholder=\"Ans\" value=\"\" type=\"text\" name=\"AgeDeMadame\" \/><\/span>\n<\/p>\n<p><b><i>Wunnfl\u00e4ch a m\u00b2*:<\/i><\/b><br \/>\n<span class=\"wpcf7-form-control-wrap\" data-name=\"SurfaceHabitable\"><input size=\"40\" maxlength=\"400\" class=\"wpcf7-form-control wpcf7-text wpcf7-validates-as-required\" aria-required=\"true\" aria-invalid=\"false\" value=\"\" type=\"text\" name=\"SurfaceHabitable\" \/><\/span>\n<\/p>\n<p><b><i>Landfl\u00e4ch a m\u00b2:<\/i><\/b><br \/>\n<span class=\"wpcf7-form-control-wrap\" data-name=\"SurfaceHaTerrain\"><input size=\"40\" maxlength=\"400\" class=\"wpcf7-form-control wpcf7-text wpcf7-validates-as-required\" aria-required=\"true\" aria-invalid=\"false\" value=\"\" type=\"text\" name=\"SurfaceHaTerrain\" \/><\/span>\n<\/p>\n<p><b><i>Zuel vun de St\u00e9cker*:<\/i><\/b><br \/>\n<span class=\"wpcf7-form-control-wrap\" data-name=\"NbrPieces\"><input size=\"40\" maxlength=\"400\" class=\"wpcf7-form-control wpcf7-text wpcf7-validates-as-required\" aria-required=\"true\" aria-invalid=\"false\" value=\"\" type=\"text\" name=\"NbrPieces\" \/><\/span>\n<\/p>\n<p><b><i>Stad wou d'Propri\u00e9t\u00e9it l\u00e4it *:<\/i><\/b><br \/>\n<span class=\"wpcf7-form-control-wrap\" data-name=\"VilleDuBien\"><input size=\"40\" maxlength=\"400\" class=\"wpcf7-form-control wpcf7-text wpcf7-validates-as-required\" aria-required=\"true\" aria-invalid=\"false\" value=\"\" type=\"text\" name=\"VilleDuBien\" \/><\/span>\n<\/p>\n<p><b><i>Postcode*:<\/i><\/b><br \/>\n<span class=\"wpcf7-form-control-wrap\" data-name=\"CodePostale\"><input size=\"40\" maxlength=\"400\" class=\"wpcf7-form-control wpcf7-text wpcf7-validates-as-required\" aria-required=\"true\" aria-invalid=\"false\" value=\"\" type=\"text\" name=\"CodePostale\" \/><\/span>\n<\/p>\n<p><b><i>W\u00e4ert vun der fr\u00e4ier Immobilie*:<\/i><\/b><br \/>\n<span class=\"wpcf7-form-control-wrap\" data-name=\"ValeurDuBienLibre\"><input size=\"40\" maxlength=\"400\" class=\"wpcf7-form-control wpcf7-text wpcf7-validates-as-required\" aria-required=\"true\" aria-invalid=\"false\" value=\"\" type=\"text\" name=\"ValeurDuBienLibre\" \/><\/span>\n<\/p>\n<p>--------------------\n<\/p>\n<p><b><i>Thema vun \u00c4rem Message*:<\/i><\/b><br \/>\n<span class=\"wpcf7-form-control-wrap\" data-name=\"ObjetDuMessage\"><span class=\"wpcf7-form-control wpcf7-checkbox wpcf7-validates-as-required\"><span class=\"wpcf7-list-item first\"><input type=\"checkbox\" name=\"ObjetDuMessage[]\" value=\"Studieufro\" \/><span class=\"wpcf7-list-item-label\">Studieufro<\/span><\/span><span class=\"wpcf7-list-item\"><input type=\"checkbox\" name=\"ObjetDuMessage[]\" value=\"Fannt e Keefer\" \/><span class=\"wpcf7-list-item-label\">Fannt e Keefer<\/span><\/span><span class=\"wpcf7-list-item last\"><input type=\"checkbox\" name=\"ObjetDuMessage[]\" value=\"Berodung kr\u00e9ien\" \/><span class=\"wpcf7-list-item-label\">Berodung kr\u00e9ien<\/span><\/span><\/span><\/span>\n<\/p>\n<p><b><i>Firwat w\u00ebllt Dir eng Liewensrente verkafen*:<\/i><\/b>\n<\/p>\n<p><b><i>Fir ze previl\u00e9g\u00e9ieren:<\/i><\/b><br \/>\n<span class=\"wpcf7-form-control-wrap\" data-name=\"PourPrivilegier\"><span class=\"wpcf7-form-control wpcf7-checkbox wpcf7-validates-as-required\"><span class=\"wpcf7-list-item first\"><input type=\"checkbox\" name=\"PourPrivilegier[]\" value=\"Direkt Kapital erhalen\" \/><span class=\"wpcf7-list-item-label\">Direkt Kapital erhalen<\/span><\/span><span class=\"wpcf7-list-item\"><input type=\"checkbox\" name=\"PourPrivilegier[]\" value=\"Erh\u00e9ijung vu mengem monatlecht Akommes\" \/><span class=\"wpcf7-list-item-label\">Erh\u00e9ijung vu mengem monatlecht Akommes<\/span><\/span><span class=\"wpcf7-list-item last\"><input type=\"checkbox\" name=\"PourPrivilegier[]\" value=\"Desaccord vun der Famill\" \/><span class=\"wpcf7-list-item-label\">Desaccord vun der Famill<\/span><\/span><\/span><\/span>\n<\/p>\n<p><b><i>Kommentaren \/ Froen:<\/i><\/b><br \/>\n<span class=\"wpcf7-form-control-wrap\" data-name=\"Commentaires\"><textarea cols=\"40\" rows=\"10\" maxlength=\"2000\" class=\"wpcf7-form-control wpcf7-textarea\" aria-invalid=\"false\" name=\"Commentaires\"><\/textarea><\/span>\n<\/p>\n<p>--------------------\n<\/p>\n<p><b><i>\u00c4r Kontaktdetailer d\u00e9i eis erlaben Iech ze kontakt\u00e9ieren <\/i><\/b>\n<\/p>\n<p><b><i>Zivilit\u00e9it*:<\/i><\/b><br \/>\n<span class=\"wpcf7-form-control-wrap\" data-name=\"Civilite\"><span class=\"wpcf7-form-control wpcf7-checkbox wpcf7-validates-as-required wpcf7-exclusive-checkbox\"><span class=\"wpcf7-list-item first\"><input type=\"checkbox\" name=\"Civilite\" value=\"Mr\" \/><span class=\"wpcf7-list-item-label\">Mr<\/span><\/span><span class=\"wpcf7-list-item\"><input type=\"checkbox\" name=\"Civilite\" value=\"Mrs\" \/><span class=\"wpcf7-list-item-label\">Mrs<\/span><\/span><span class=\"wpcf7-list-item last\"><input type=\"checkbox\" name=\"Civilite\" value=\"H\u00e4r a Madame\" \/><span class=\"wpcf7-list-item-label\">H\u00e4r a Madame<\/span><\/span><\/span><\/span>\n<\/p>\n<p><b><i>Numm(en)*:<\/i><\/b><br \/>\n<span class=\"wpcf7-form-control-wrap\" data-name=\"Nom\"><input size=\"40\" maxlength=\"400\" class=\"wpcf7-form-control wpcf7-text wpcf7-validates-as-required\" aria-required=\"true\" aria-invalid=\"false\" value=\"\" type=\"text\" name=\"Nom\" \/><\/span>\n<\/p>\n<p><b><i>Virnumm(en)*:<\/i><\/b><br \/>\n<span class=\"wpcf7-form-control-wrap\" data-name=\"Prenoms\"><input size=\"40\" maxlength=\"400\" class=\"wpcf7-form-control wpcf7-text wpcf7-validates-as-required\" aria-required=\"true\" aria-invalid=\"false\" value=\"\" type=\"text\" name=\"Prenoms\" \/><\/span>\n<\/p>\n<p><b><i>\u00c4r E-Mail*:<\/i><\/b><br \/>\n<span class=\"wpcf7-form-control-wrap\" data-name=\"email\"><input size=\"40\" maxlength=\"400\" class=\"wpcf7-form-control wpcf7-email wpcf7-validates-as-required wpcf7-text wpcf7-validates-as-email\" aria-required=\"true\" aria-invalid=\"false\" value=\"\" type=\"email\" name=\"email\" \/><\/span>\n<\/p>\n<p><b><i>\u00c4ren Telefon*:<\/i><\/b><br \/>\n<span class=\"wpcf7-form-control-wrap\" data-name=\"telephone\"><input size=\"40\" maxlength=\"400\" class=\"wpcf7-form-control wpcf7-tel wpcf7-validates-as-required wpcf7-text wpcf7-validates-as-tel\" aria-required=\"true\" aria-invalid=\"false\" value=\"\" type=\"tel\" name=\"telephone\" \/><\/span>\n<\/p>\n<p><span class=\"wpcf7-form-control-wrap\" data-name=\"Akzeptance\"><span class=\"wpcf7-form-control wpcf7-checkbox wpcf7-validates-as-required\"><span class=\"wpcf7-list-item first last\"><input type=\"checkbox\" name=\"Akzeptance[]\" value=\"Ech autoris\u00e9ieren der Firma LAH-HOM Immobili\u00e8re S.\u00e0.r.l meng Donn\u00e9e\u00ebn opzehuelen.\" \/><span class=\"wpcf7-list-item-label\">Ech autoris\u00e9ieren der Firma LAH-HOM Immobili\u00e8re S.\u00e0.r.l meng Donn\u00e9e\u00ebn opzehuelen.<\/span><\/span><\/span><\/span>\n<\/p>\n<p><input class=\"wpcf7-form-control wpcf7-submit has-spinner\" type=\"submit\" value=\"Envoyer\" \/>\n<\/p>\n<p>-------------------<br \/>\n<b><i>*Erfuerderlech Felder<\/i><\/b><br \/>\n<b><i><u>Studie kann net eng Expertise ausmaachen a kann eis Verantwortung fir net verifiz\u00e9iert Elementer engag\u00e9ieren.<\/u><\/i><\/b>\n<\/p><p style=\"display: none !important;\" class=\"akismet-fields-container\" data-prefix=\"_wpcf7_ak_\"><label>&#916;<textarea name=\"_wpcf7_ak_hp_textarea\" cols=\"45\" rows=\"8\" maxlength=\"100\"><\/textarea><\/label><input type=\"hidden\" id=\"ak_js_1\" name=\"_wpcf7_ak_js\" value=\"231\"\/><script>document.getElementById( \"ak_js_1\" ).setAttribute( \"value\", ( new Date() ).getTime() );<\/script><\/p><div class=\"wpcf7-response-output\" aria-hidden=\"true\"><\/div>\n<\/form>\n<\/div>\n[\/vc_column_text][\/vc_column][\/vc_row]<\/p>\n","protected":false},"excerpt":{"rendered":"<p>[vc_row][vc_column css=&#8221;.vc_custom_1547648838129{margin-top: 0px !important;padding-top: 0px !important;border-radius: 2px !important;}&#8221;][vc_column_text] Ufro fir Viager Berechnung oder Liewensrente Simulatioun PERSONALIS\u00c9IERT AN GRATIS LIEWENSRENTE SCH\u00c4TZUNG LIEWENSRENTE\u00a0Berechnung Simulatioun [\/vc_column_text][\/vc_column][\/vc_row][vc_row][vc_column css=&#8221;.vc_custom_1547648786451{margin-top: 0px !important;margin-right: 0px !important;margin-bottom: 0px !important;margin-left: 0px !important;border-top-width: 2px !important;border-right-width: 2px !important;border-bottom-width: 2px !important;border-left-width: 2px !important;padding-top: 10px !important;padding-right: 10px !important;padding-bottom: 10px !important;padding-left: 10px !important;background-color: #fcfcfc !important;border-left-color: #590000 !important;border-left-style: solid !important;border-right-color: #590000&#8230;<\/p>\n","protected":false},"author":1,"featured_media":0,"parent":0,"menu_order":0,"comment_status":"closed","ping_status":"closed","template":"","meta":{"footnotes":""},"class_list":["post-13254","page","type-page","status-publish","hentry"],"yoast_head":"<!-- This site is optimized with the Yoast SEO plugin v27.4 - https:\/\/yoast.com\/product\/yoast-seo-wordpress\/ -->\n<title>Liewensrente Berechnung - Gratis Liewensrente Etude - Rente \/ Bouquet - Equilibr\u00e9iert Liewensrente<\/title>\n<meta name=\"robots\" content=\"index, follow, max-snippet:-1, max-image-preview:large, max-video-preview:-1\" \/>\n<link rel=\"canonical\" href=\"https:\/\/www.viager-equilibre.lu\/lb-lu\/viager-berechnung-gratis-viager-etude-rente-bouquet\/\" \/>\n<meta property=\"og:locale\" content=\"en_US\" \/>\n<meta property=\"og:type\" content=\"article\" \/>\n<meta property=\"og:title\" content=\"Liewensrente Berechnung - Gratis Liewensrente Etude - Rente \/ Bouquet - Equilibr\u00e9iert Liewensrente\" \/>\n<meta property=\"og:description\" content=\"[vc_row][vc_column css=&#8221;.vc_custom_1547648838129{margin-top: 0px !important;padding-top: 0px !important;border-radius: 2px !important;}&#8221;][vc_column_text] Ufro fir Viager Berechnung oder Liewensrente Simulatioun PERSONALIS\u00c9IERT AN GRATIS LIEWENSRENTE SCH\u00c4TZUNG LIEWENSRENTE\u00a0Berechnung Simulatioun [\/vc_column_text][\/vc_column][\/vc_row][vc_row][vc_column css=&#8221;.vc_custom_1547648786451{margin-top: 0px !important;margin-right: 0px !important;margin-bottom: 0px !important;margin-left: 0px !important;border-top-width: 2px !important;border-right-width: 2px !important;border-bottom-width: 2px !important;border-left-width: 2px !important;padding-top: 10px !important;padding-right: 10px !important;padding-bottom: 10px !important;padding-left: 10px !important;background-color: #fcfcfc !important;border-left-color: #590000 !important;border-left-style: solid !important;border-right-color: #590000...\" \/>\n<meta property=\"og:url\" content=\"https:\/\/www.viager-equilibre.lu\/lb-lu\/viager-berechnung-gratis-viager-etude-rente-bouquet\/\" \/>\n<meta property=\"og:site_name\" content=\"Equilibr\u00e9iert Liewensrente\" \/>\n<meta property=\"article:modified_time\" content=\"2023-10-20T07:33:41+00:00\" \/>\n<meta name=\"twitter:card\" content=\"summary_large_image\" \/>\n<meta name=\"twitter:label1\" content=\"Est. reading time\" \/>\n\t<meta name=\"twitter:data1\" content=\"1 minute\" \/>\n<script type=\"application\/ld+json\" class=\"yoast-schema-graph\">{\"@context\":\"https:\\\/\\\/schema.org\",\"@graph\":[{\"@type\":\"WebPage\",\"@id\":\"https:\\\/\\\/www.viager-equilibre.lu\\\/lb-lu\\\/viager-berechnung-gratis-viager-etude-rente-bouquet\\\/\",\"url\":\"https:\\\/\\\/www.viager-equilibre.lu\\\/lb-lu\\\/viager-berechnung-gratis-viager-etude-rente-bouquet\\\/\",\"name\":\"Liewensrente Berechnung - Gratis Liewensrente Etude - Rente \\\/ Bouquet - Equilibr\u00e9iert Liewensrente\",\"isPartOf\":{\"@id\":\"https:\\\/\\\/www.viager-equilibre.lu\\\/lb-lu\\\/#website\"},\"datePublished\":\"2019-01-16T11:38:26+00:00\",\"dateModified\":\"2023-10-20T07:33:41+00:00\",\"breadcrumb\":{\"@id\":\"https:\\\/\\\/www.viager-equilibre.lu\\\/lb-lu\\\/viager-berechnung-gratis-viager-etude-rente-bouquet\\\/#breadcrumb\"},\"inLanguage\":\"lb-LU\",\"potentialAction\":[{\"@type\":\"ReadAction\",\"target\":[\"https:\\\/\\\/www.viager-equilibre.lu\\\/lb-lu\\\/viager-berechnung-gratis-viager-etude-rente-bouquet\\\/\"]}]},{\"@type\":\"BreadcrumbList\",\"@id\":\"https:\\\/\\\/www.viager-equilibre.lu\\\/lb-lu\\\/viager-berechnung-gratis-viager-etude-rente-bouquet\\\/#breadcrumb\",\"itemListElement\":[{\"@type\":\"ListItem\",\"position\":1,\"name\":\"W\u00ebllkomm\",\"item\":\"https:\\\/\\\/www.viager-equilibre.lu\\\/lb-lu\\\/\"},{\"@type\":\"ListItem\",\"position\":2,\"name\":\"Liewensrente Berechnung &#8211; Gratis Liewensrente Etude &#8211; Rente \\\/ Bouquet\"}]},{\"@type\":\"WebSite\",\"@id\":\"https:\\\/\\\/www.viager-equilibre.lu\\\/lb-lu\\\/#website\",\"url\":\"https:\\\/\\\/www.viager-equilibre.lu\\\/lb-lu\\\/\",\"name\":\"Equilibr\u00e9iert Liewensrente\",\"description\":\"Liewensrente Spezialist am G.D vu L\u00ebtzebuerg\",\"publisher\":{\"@id\":\"https:\\\/\\\/www.viager-equilibre.lu\\\/lb-lu\\\/#organization\"},\"potentialAction\":[{\"@type\":\"SearchAction\",\"target\":{\"@type\":\"EntryPoint\",\"urlTemplate\":\"https:\\\/\\\/www.viager-equilibre.lu\\\/lb-lu\\\/?s={search_term_string}\"},\"query-input\":{\"@type\":\"PropertyValueSpecification\",\"valueRequired\":true,\"valueName\":\"search_term_string\"}}],\"inLanguage\":\"lb-LU\"},{\"@type\":\"Organization\",\"@id\":\"https:\\\/\\\/www.viager-equilibre.lu\\\/lb-lu\\\/#organization\",\"name\":\"Equilibr\u00e9iert Liewensrente\",\"url\":\"https:\\\/\\\/www.viager-equilibre.lu\\\/lb-lu\\\/\",\"logo\":{\"@type\":\"ImageObject\",\"inLanguage\":\"lb-LU\",\"@id\":\"https:\\\/\\\/www.viager-equilibre.lu\\\/lb-lu\\\/#\\\/schema\\\/logo\\\/image\\\/\",\"url\":\"https:\\\/\\\/www.viager-equilibre.lu\\\/wp-content\\\/uploads\\\/2026\\\/03\\\/logo.png\",\"contentUrl\":\"https:\\\/\\\/www.viager-equilibre.lu\\\/wp-content\\\/uploads\\\/2026\\\/03\\\/logo.png\",\"width\":300,\"height\":105,\"caption\":\"Equilibr\u00e9iert Liewensrente\"},\"image\":{\"@id\":\"https:\\\/\\\/www.viager-equilibre.lu\\\/lb-lu\\\/#\\\/schema\\\/logo\\\/image\\\/\"}}]}<\/script>\n<!-- \/ Yoast SEO plugin. -->","yoast_head_json":{"title":"Liewensrente Berechnung - Gratis Liewensrente Etude - Rente \/ Bouquet - Equilibr\u00e9iert Liewensrente","robots":{"index":"index","follow":"follow","max-snippet":"max-snippet:-1","max-image-preview":"max-image-preview:large","max-video-preview":"max-video-preview:-1"},"canonical":"https:\/\/www.viager-equilibre.lu\/lb-lu\/viager-berechnung-gratis-viager-etude-rente-bouquet\/","og_locale":"en_US","og_type":"article","og_title":"Liewensrente Berechnung - Gratis Liewensrente Etude - Rente \/ Bouquet - Equilibr\u00e9iert Liewensrente","og_description":"[vc_row][vc_column css=&#8221;.vc_custom_1547648838129{margin-top: 0px !important;padding-top: 0px !important;border-radius: 2px !important;}&#8221;][vc_column_text] Ufro fir Viager Berechnung oder Liewensrente Simulatioun PERSONALIS\u00c9IERT AN GRATIS LIEWENSRENTE SCH\u00c4TZUNG LIEWENSRENTE\u00a0Berechnung Simulatioun [\/vc_column_text][\/vc_column][\/vc_row][vc_row][vc_column css=&#8221;.vc_custom_1547648786451{margin-top: 0px !important;margin-right: 0px !important;margin-bottom: 0px !important;margin-left: 0px !important;border-top-width: 2px !important;border-right-width: 2px !important;border-bottom-width: 2px !important;border-left-width: 2px !important;padding-top: 10px !important;padding-right: 10px !important;padding-bottom: 10px !important;padding-left: 10px !important;background-color: #fcfcfc !important;border-left-color: #590000 !important;border-left-style: solid !important;border-right-color: #590000...","og_url":"https:\/\/www.viager-equilibre.lu\/lb-lu\/viager-berechnung-gratis-viager-etude-rente-bouquet\/","og_site_name":"Equilibr\u00e9iert Liewensrente","article_modified_time":"2023-10-20T07:33:41+00:00","twitter_card":"summary_large_image","twitter_misc":{"Est. reading time":"1 minute"},"schema":{"@context":"https:\/\/schema.org","@graph":[{"@type":"WebPage","@id":"https:\/\/www.viager-equilibre.lu\/lb-lu\/viager-berechnung-gratis-viager-etude-rente-bouquet\/","url":"https:\/\/www.viager-equilibre.lu\/lb-lu\/viager-berechnung-gratis-viager-etude-rente-bouquet\/","name":"Liewensrente Berechnung - Gratis Liewensrente Etude - Rente \/ Bouquet - Equilibr\u00e9iert Liewensrente","isPartOf":{"@id":"https:\/\/www.viager-equilibre.lu\/lb-lu\/#website"},"datePublished":"2019-01-16T11:38:26+00:00","dateModified":"2023-10-20T07:33:41+00:00","breadcrumb":{"@id":"https:\/\/www.viager-equilibre.lu\/lb-lu\/viager-berechnung-gratis-viager-etude-rente-bouquet\/#breadcrumb"},"inLanguage":"lb-LU","potentialAction":[{"@type":"ReadAction","target":["https:\/\/www.viager-equilibre.lu\/lb-lu\/viager-berechnung-gratis-viager-etude-rente-bouquet\/"]}]},{"@type":"BreadcrumbList","@id":"https:\/\/www.viager-equilibre.lu\/lb-lu\/viager-berechnung-gratis-viager-etude-rente-bouquet\/#breadcrumb","itemListElement":[{"@type":"ListItem","position":1,"name":"W\u00ebllkomm","item":"https:\/\/www.viager-equilibre.lu\/lb-lu\/"},{"@type":"ListItem","position":2,"name":"Liewensrente Berechnung &#8211; Gratis Liewensrente Etude &#8211; Rente \/ Bouquet"}]},{"@type":"WebSite","@id":"https:\/\/www.viager-equilibre.lu\/lb-lu\/#website","url":"https:\/\/www.viager-equilibre.lu\/lb-lu\/","name":"Equilibr\u00e9iert Liewensrente","description":"Liewensrente Spezialist am G.D vu L\u00ebtzebuerg","publisher":{"@id":"https:\/\/www.viager-equilibre.lu\/lb-lu\/#organization"},"potentialAction":[{"@type":"SearchAction","target":{"@type":"EntryPoint","urlTemplate":"https:\/\/www.viager-equilibre.lu\/lb-lu\/?s={search_term_string}"},"query-input":{"@type":"PropertyValueSpecification","valueRequired":true,"valueName":"search_term_string"}}],"inLanguage":"lb-LU"},{"@type":"Organization","@id":"https:\/\/www.viager-equilibre.lu\/lb-lu\/#organization","name":"Equilibr\u00e9iert Liewensrente","url":"https:\/\/www.viager-equilibre.lu\/lb-lu\/","logo":{"@type":"ImageObject","inLanguage":"lb-LU","@id":"https:\/\/www.viager-equilibre.lu\/lb-lu\/#\/schema\/logo\/image\/","url":"https:\/\/www.viager-equilibre.lu\/wp-content\/uploads\/2026\/03\/logo.png","contentUrl":"https:\/\/www.viager-equilibre.lu\/wp-content\/uploads\/2026\/03\/logo.png","width":300,"height":105,"caption":"Equilibr\u00e9iert Liewensrente"},"image":{"@id":"https:\/\/www.viager-equilibre.lu\/lb-lu\/#\/schema\/logo\/image\/"}}]}},"_links":{"self":[{"href":"https:\/\/www.viager-equilibre.lu\/lb-lu\/wp-json\/wp\/v2\/pages\/13254","targetHints":{"allow":["GET"]}}],"collection":[{"href":"https:\/\/www.viager-equilibre.lu\/lb-lu\/wp-json\/wp\/v2\/pages"}],"about":[{"href":"https:\/\/www.viager-equilibre.lu\/lb-lu\/wp-json\/wp\/v2\/types\/page"}],"author":[{"embeddable":true,"href":"https:\/\/www.viager-equilibre.lu\/lb-lu\/wp-json\/wp\/v2\/users\/1"}],"replies":[{"embeddable":true,"href":"https:\/\/www.viager-equilibre.lu\/lb-lu\/wp-json\/wp\/v2\/comments?post=13254"}],"version-history":[{"count":7,"href":"https:\/\/www.viager-equilibre.lu\/lb-lu\/wp-json\/wp\/v2\/pages\/13254\/revisions"}],"predecessor-version":[{"id":13261,"href":"https:\/\/www.viager-equilibre.lu\/lb-lu\/wp-json\/wp\/v2\/pages\/13254\/revisions\/13261"}],"wp:attachment":[{"href":"https:\/\/www.viager-equilibre.lu\/lb-lu\/wp-json\/wp\/v2\/media?parent=13254"}],"curies":[{"name":"wp","href":"https:\/\/api.w.org\/{rel}","templated":true}]}}