{"id":13268,"date":"2019-01-16T14:42:39","date_gmt":"2019-01-16T14:42:39","guid":{"rendered":"https:\/\/www.viager-equilibre.lu\/investeieren-an-liewensrenten\/"},"modified":"2019-01-16T14:42:39","modified_gmt":"2019-01-16T14:42:39","slug":"investeieren-an-liewensrenten","status":"publish","type":"page","link":"https:\/\/www.viager-equilibre.lu\/lb-lu\/investeieren-an-liewensrenten\/","title":{"rendered":"Invest\u00e9ieren an Liewensrenten"},"content":{"rendered":"<div class=\"vc_row wpb_row vc_row-fluid\">\n<div class=\"wpb_column vc_column_container vc_col-sm-12\">\n<div class=\"vc_column-inner\">\n<div class=\"wpb_wrapper\">\n<div class=\"wpb_text_column wpb_content_element\">\n<div class=\"wpb_wrapper\">\n<h2>De Kaf vun enger Liewensannuit\u00e9it besat mat oder ouni Renten<br \/>\nGUIDE FIR DEN INVESTOR AN BUSY LIFE ANNUITY<\/h2>\n<p><strong><em>&#8220;Ee besat Liewensrentehaus kafen l\u00e9ist de Problem vun der Finanz\u00e9ierung vu Pensioune fir de Verkeefer an de Keefer un&#8221;<\/em><\/strong><\/p>\n<p>&nbsp;<\/p>\n<p><img fetchpriority=\"high\" decoding=\"async\" class=\"aligncenter size-medium wp-image-12484\" src=\"https:\/\/www.viager-equilibre.lu\/wp-content\/uploads\/2019\/01\/financement-retraite-2018-300x200.jpg\" alt=\"\" width=\"300\" height=\"200\" srcset=\"https:\/\/www.viager-equilibre.lu\/wp-content\/uploads\/2019\/01\/financement-retraite-2018-300x200.jpg 300w, https:\/\/www.viager-equilibre.lu\/wp-content\/uploads\/2019\/01\/financement-retraite-2018-150x100.jpg 150w, https:\/\/www.viager-equilibre.lu\/wp-content\/uploads\/2019\/01\/financement-retraite-2018.jpg 424w\" sizes=\"(max-width: 300px) 100vw, 300px\" \/><\/p>\n<h2>DEN BESETZT LIEWENSRENTE<\/h2>\n<p><strong>Eng finanziell Investitioun op Immobilien \u00cbnnerst\u00ebtzung<\/strong><\/p>\n<p>Et kann vergl\u00e4icht ginn mat Spuerungen, d\u00e9i iwwer Z\u00e4it opgebaut goufen &#8230; w\u00e9i an engem Spuerkonto:<\/p>\n<p>Wann Dir et opmaacht, bezuelt Dir eng \u00e9ischt Startzomm (de Bouquet)<\/p>\n<p>Da verpflicht Dir regelm\u00e9isseg all Mount e best\u00ebmmte Betrag (d&#8217;Annuit\u00e9it) ze bezuelen.<\/p>\n<p>Um Doud vum Verkeefer, amplaz d&#8217;Kapital vun der Brosch\u00fcr ze recuper\u00e9ieren, recuper\u00e9ieren Dir automatesch d&#8217;Propri\u00e9t\u00e9it, d&#8217;Immobilie Kapitalgew\u00ebnn ersetzt d&#8217;Z\u00ebnsen op der Brosch\u00fcr beim Verkaf vun der Immobilie.<\/p>\n<h3>POURQUOI ACHETER UN VIAGER OCCUP\u00c9 ?<\/h3>\n<h3>FIRWAT ENG BESETZT LIEWENSRENTE KEEFT?<\/h3>\n<p><strong>1. Keng Locatiounsmanagement:<\/strong> De Bes\u00ebtzer, \u00c4re Verkeefer, h\u00e4lt d&#8217;Propri\u00e9t\u00e9it weider w\u00e9i virdrun, ouni s\u00e4i Liewensstil z&#8217;\u00e4nneren. Keng Gestiounsk\u00e4schten, keng Mietbed\u00e9ngungen (Sich a Selektioun vun Locataire, Ausschaffe vum Leasing, Bezuelung vum Loyer, Er\u00ebnnerung, Reparatur no Mietschued, laang an deier Eviction, asw.)<\/p>\n<\/div>\n<p><strong>2. Kee Loyer an Immobilienakommes kritt<\/strong>, also keng Steieren d\u00e9i \u00c4ert Final Nettoakommes beaflossen.<\/p>\n<p><strong>3. Et ass e Steierparad\u00e4is:<\/strong> Et ass eng Finanzinvestitioun d\u00e9i kee Steiervirdeel &#8220;profit\u00e9iert&#8221; an dofir net \u00ebnner eventuell retroaktive Steiergesetzer \u00ebnnerleien, w\u00e9i Steierlaafen, d\u00e9i an den n\u00e4chste Wochen &#8220;geplangt&#8221; sinn.<\/p>\n<p><strong>4. Immobilien Verm\u00e9igen opzebauen<\/strong> fir op d&#8217;Pensioun virzebereeden an, firwat net, andeems Dir d\u00e9i opgebaute Verm\u00e9igen weiderverkaaft wann d&#8217;Pensiounsalter k\u00ebnnt.<\/p>\n<div class=\"wpb_wrapper\">\n<p><strong>5. Laangfristeg Investitioune<\/strong> fir, duerch Spend oder net, Immobilien Verm\u00e9igen un seng Kanner, Ierwen oder Famill ze iwwerdroen.<\/p>\n<p><strong>6. Aussergew\u00e9inlech Bew\u00e4ertung vun den Immobilieverm\u00e9igen,<\/strong> d\u00e9i am Zesummenhang mat der Investitioun gemaach gi sinn, dank ger\u00e9nger monatlecht Erspuernisser a Kapitalergew\u00ebnn verbonne mat der &#8220;Steen&#8221; Refuge Investitioun.<\/p>\n<p><strong>7. Schafung vun Immobilien<\/strong> Verm\u00e9igen ouni Recours op eng Bank Pr\u00eat.<\/p>\n<p><strong>8. Am Allgemengen ass e klenge B\u00e4itrag erfuerderlech<\/strong> (20 bis 30% vum W\u00e4ert vun der Immobilie).<\/p>\n<p><strong>9. Acquisitiounsk\u00e4schte gi besonnesch reduz\u00e9iert<\/strong> am Verglach zu engem traditionellen Immobiliekaaf (40 bis 60%)<\/p>\n<p><strong>10. Dir k\u00ebnnt zu all Moment eng Liewensrente<\/strong> verkaafen a Kapital ausbezuelen, deen aus \u00c4rem B\u00e4itrag zum Kaf, \u00c4re monatlecht Spueren an eventuell e Kapitalgew\u00ebnn besteierbar ass oder net besteierbar ass.<br \/>\nbesteierbaren am Fall vun resale no 15 Joer Bes\u00ebtz<\/p>\n<p><strong>11. W\u00e9i all Kaaf vun Immobilien, <\/strong>ass \u00c4r Acquisitioun duerch d&#8217;\u00cbnnerschreiwe vun engem Notaire \u00ebnner der Kontroll vun \u00c4rem Notaire ges\u00e9chert, wann Dir w\u00ebllt<\/p>\n<p><strong>Fazit: D\u00e9i besat Liewensrente ass e &#8220;Finanzprodukt op enger Immobilie \u00cbnnerst\u00ebtzung&#8221; oder e &#8220;m\u00e4chtegen an dezenten Hiewel fir Immobilieverm\u00e9igen opzebauen&#8221;<\/strong><\/p>\n<p>&nbsp;<\/p>\n<\/div>\n<\/div>\n<\/div>\n<\/div>\n<\/div>\n<\/div>\n<div id=\"sansrente\" class=\"vc_row wpb_row vc_row-fluid\">\n<div class=\"wpb_column vc_column_container vc_col-sm-12\">\n<div class=\"vc_column-inner\">\n<div class=\"wpb_wrapper\">\n<div class=\"vc_empty_space\">\n<hr \/>\n<\/div>\n<\/div>\n<\/div>\n<\/div>\n<\/div>\n<div class=\"vc_row wpb_row vc_row-fluid\">\n<div class=\"wpb_column vc_column_container vc_col-sm-12\">\n<div class=\"vc_column-inner\">\n<div class=\"wpb_wrapper\">\n<div class=\"wpb_text_column wpb_content_element\">\n<div class=\"wpb_wrapper\">\n<h2>DEN BESETZT LIEWENSRENTE OUNI RENTE<\/h2>\n<h3>Definitioun<\/h3>\n<p>Eng <strong>Liewensrente besat ouni Rente<\/strong> ass en direkten Verkaf vun Immobilien, fir deen de ganze Pr\u00e4is a boer bezuelt g\u00ebtt, awer mat enger Liewensdauerbesetzung duerch Notzungs- a Wunnrecht oder duerch begrenzten Usufruct<\/p>\n<h3>Fir ween? Fir wat ?<\/h3>\n<p>Verkeefer d\u00e9i e Bouquet m\u00e9i w\u00e9i 30% vum Maartw\u00e4ert vun der Immobilie w\u00ebllen oder musse kr\u00e9ien an \/ oder fir d\u00e9i d&#8217;Annuit\u00e9it keng Priorit\u00e9it ass<\/p>\n<p><strong>Konditioune<\/strong>: de Verkeefer kann d&#8217;Verkaaft Immobilie net lounen mat Ausnam vu best\u00ebmmte F\u00e4ll (saisonal Locatioun oder am\u00e9nag\u00e9ierten Locatioun wann d&#8217;Propri\u00e9t\u00e9it an engem touristesche Ber\u00e4ich l\u00e4it)<\/p>\n<h3>W\u00e9i g\u00ebtt de Pr\u00e4is vun enger Liewensrente besat ouni Annuit\u00e9it berechent?<\/h3>\n<p>De Verkafspr\u00e4is ass gl\u00e4ich mam wirtschaftleche W\u00e4ert vun der besat Immobilie (Pr\u00e4is reduz\u00e9iert mat + oder &#8211; 50% vum Maartw\u00e4ert vun der Immobilie ofh\u00e4ngeg vum Alter vun de Verkeefer)<\/p>\n<p><strong>Firwat ass dat interessant fir de Keefer?<\/strong><\/p>\n<ol>\n<li>Hie kann d&#8217;Propri\u00e9t\u00e9it hypothek\u00e9ieren fir ze l\u00e9inen,<\/li>\n<li>Hien huet keng Liewensrente ze bezuelen.<\/li>\n<li>De Keefer ass n\u00ebmmen mat enger Gefor konfront\u00e9iert: d&#8217;Dauer vun der Besetzung verbonne mat der Liewensdauer vum Verkeefer.<\/li>\n<li>Keng Erh\u00e9ijung vun der Liewensannuit\u00e9it am Fall vun enger fr\u00e9iz\u00e4iteger Ver\u00ebffentlechung an der Verontreiung vun enger initialer Renten.<\/li>\n<\/ol>\n<h3>Firwat ass et interessant eng besat Liewensrente ouni Annuit\u00e9it ze kafen?<\/h3>\n<p><strong>Virdeel 1<\/strong>: Kaaft (K\u00e4schte oder K\u00e4schtepr\u00e4is) bei + oder \u2013 50% vum initialen W\u00e4ert<\/p>\n<p><strong>Virdeel 2<\/strong>: de Keefer ka mat engem Kapitalgew\u00ebnn (+ oder \u2013 80% vum K\u00e4schtepr\u00e4is) d&#8217;Propri\u00e9t\u00e9it weider verkafen. U et seq. vum allgemenge Steiergesetz)<\/p>\n<p><strong>Virdeel 4<\/strong>: Verkeefer fille sech \u00ebmmer w\u00e9i Bes\u00ebtzer an \u00ebnnerhalen hir Immobilie perfekt, am G\u00e9igesaz zu Locataire d\u00e9i vernol\u00e9isseg k\u00ebnne sinn.<\/p>\n<p><strong>Virdeel 5<\/strong>: Am Verglach mat gratis Liewensrente kaaft fir ze verlounen oder de Kaf vun enger Mietimmobilie direkt, huet de Keefer kee Problem mat der Net-Bezuelung vum Loyer oder Mietmanagement.<\/p>\n<p><strong>Virdeel 6<\/strong>: De Keefer ka s\u00e4i Kaf mat engem Hypothekarkredit finanz\u00e9ieren am G\u00e9igesaz zum Bouquet vun enger Liewensannuit\u00e9it mat enger Liewensannuit\u00e9it d\u00e9i mat seltenen Ausnahmen mat eegene Fongen finanz\u00e9iert muss ginn.<\/p>\n<p><strong>Virdeel 7<\/strong>: D&#8217;Liewensrente besat ass e &#8220;TAX HEAVEN&#8221; well am op.<\/p>\n<p><b>Z\u00e9ckt net eis ze kontakt\u00e9ieren.<\/b><\/p>\n<\/div>\n<\/div>\n<\/div>\n<\/div>\n<\/div>\n<\/div>\n","protected":false},"excerpt":{"rendered":"<p>De Kaf vun enger Liewensannuit\u00e9it besat mat oder ouni Renten GUIDE FIR DEN INVESTOR AN BUSY LIFE ANNUITY &#8220;Ee besat Liewensrentehaus kafen l\u00e9ist de Problem vun der Finanz\u00e9ierung vu Pensioune fir de Verkeefer an de Keefer un&#8221; &nbsp; DEN BESETZT LIEWENSRENTE Eng finanziell Investitioun op Immobilien \u00cbnnerst\u00ebtzung Et kann vergl\u00e4icht ginn mat Spuerungen, d\u00e9i iwwer&#8230;<\/p>\n","protected":false},"author":1,"featured_media":0,"parent":0,"menu_order":0,"comment_status":"closed","ping_status":"closed","template":"","meta":{"footnotes":""},"class_list":["post-13268","page","type-page","status-publish","hentry"],"yoast_head":"<!-- This site is optimized with the Yoast SEO plugin v27.4 - https:\/\/yoast.com\/product\/yoast-seo-wordpress\/ -->\n<title>Invest\u00e9ieren an Liewensrenten - Equilibr\u00e9iert Liewensrente<\/title>\n<meta name=\"robots\" content=\"index, follow, max-snippet:-1, max-image-preview:large, max-video-preview:-1\" \/>\n<link rel=\"canonical\" href=\"https:\/\/www.viager-equilibre.lu\/lb-lu\/investeieren-an-liewensrenten\/\" \/>\n<meta property=\"og:locale\" content=\"en_US\" \/>\n<meta property=\"og:type\" content=\"article\" \/>\n<meta property=\"og:title\" content=\"Invest\u00e9ieren an Liewensrenten - Equilibr\u00e9iert Liewensrente\" \/>\n<meta property=\"og:description\" content=\"De Kaf vun enger Liewensannuit\u00e9it besat mat oder ouni Renten GUIDE FIR DEN INVESTOR AN BUSY LIFE ANNUITY &#8220;Ee besat Liewensrentehaus kafen l\u00e9ist de Problem vun der Finanz\u00e9ierung vu Pensioune fir de Verkeefer an de Keefer un&#8221; &nbsp; DEN BESETZT LIEWENSRENTE Eng finanziell Investitioun op Immobilien \u00cbnnerst\u00ebtzung Et kann vergl\u00e4icht ginn mat Spuerungen, d\u00e9i iwwer...\" \/>\n<meta property=\"og:url\" content=\"https:\/\/www.viager-equilibre.lu\/lb-lu\/investeieren-an-liewensrenten\/\" \/>\n<meta property=\"og:site_name\" content=\"Equilibr\u00e9iert Liewensrente\" \/>\n<meta property=\"og:image\" content=\"https:\/\/www.viager-equilibre.lu\/wp-content\/uploads\/2019\/01\/financement-retraite-2018-300x200.jpg\" \/>\n<meta name=\"twitter:card\" content=\"summary_large_image\" \/>\n<meta name=\"twitter:label1\" content=\"Est. reading time\" \/>\n\t<meta name=\"twitter:data1\" content=\"4 minutes\" \/>\n<script type=\"application\/ld+json\" class=\"yoast-schema-graph\">{\"@context\":\"https:\\\/\\\/schema.org\",\"@graph\":[{\"@type\":\"WebPage\",\"@id\":\"https:\\\/\\\/www.viager-equilibre.lu\\\/lb-lu\\\/investeieren-an-liewensrenten\\\/\",\"url\":\"https:\\\/\\\/www.viager-equilibre.lu\\\/lb-lu\\\/investeieren-an-liewensrenten\\\/\",\"name\":\"Invest\u00e9ieren an Liewensrenten - Equilibr\u00e9iert Liewensrente\",\"isPartOf\":{\"@id\":\"https:\\\/\\\/www.viager-equilibre.lu\\\/lb-lu\\\/#website\"},\"primaryImageOfPage\":{\"@id\":\"https:\\\/\\\/www.viager-equilibre.lu\\\/lb-lu\\\/investeieren-an-liewensrenten\\\/#primaryimage\"},\"image\":{\"@id\":\"https:\\\/\\\/www.viager-equilibre.lu\\\/lb-lu\\\/investeieren-an-liewensrenten\\\/#primaryimage\"},\"thumbnailUrl\":\"https:\\\/\\\/www.viager-equilibre.lu\\\/wp-content\\\/uploads\\\/2019\\\/01\\\/financement-retraite-2018-300x200.jpg\",\"datePublished\":\"2019-01-16T14:42:39+00:00\",\"breadcrumb\":{\"@id\":\"https:\\\/\\\/www.viager-equilibre.lu\\\/lb-lu\\\/investeieren-an-liewensrenten\\\/#breadcrumb\"},\"inLanguage\":\"lb-LU\",\"potentialAction\":[{\"@type\":\"ReadAction\",\"target\":[\"https:\\\/\\\/www.viager-equilibre.lu\\\/lb-lu\\\/investeieren-an-liewensrenten\\\/\"]}]},{\"@type\":\"ImageObject\",\"inLanguage\":\"lb-LU\",\"@id\":\"https:\\\/\\\/www.viager-equilibre.lu\\\/lb-lu\\\/investeieren-an-liewensrenten\\\/#primaryimage\",\"url\":\"https:\\\/\\\/www.viager-equilibre.lu\\\/wp-content\\\/uploads\\\/2019\\\/01\\\/financement-retraite-2018-300x200.jpg\",\"contentUrl\":\"https:\\\/\\\/www.viager-equilibre.lu\\\/wp-content\\\/uploads\\\/2019\\\/01\\\/financement-retraite-2018-300x200.jpg\"},{\"@type\":\"BreadcrumbList\",\"@id\":\"https:\\\/\\\/www.viager-equilibre.lu\\\/lb-lu\\\/investeieren-an-liewensrenten\\\/#breadcrumb\",\"itemListElement\":[{\"@type\":\"ListItem\",\"position\":1,\"name\":\"W\u00ebllkomm\",\"item\":\"https:\\\/\\\/www.viager-equilibre.lu\\\/lb-lu\\\/\"},{\"@type\":\"ListItem\",\"position\":2,\"name\":\"Invest\u00e9ieren an Liewensrenten\"}]},{\"@type\":\"WebSite\",\"@id\":\"https:\\\/\\\/www.viager-equilibre.lu\\\/lb-lu\\\/#website\",\"url\":\"https:\\\/\\\/www.viager-equilibre.lu\\\/lb-lu\\\/\",\"name\":\"Equilibr\u00e9iert Liewensrente\",\"description\":\"Liewensrente Spezialist am G.D vu L\u00ebtzebuerg\",\"publisher\":{\"@id\":\"https:\\\/\\\/www.viager-equilibre.lu\\\/lb-lu\\\/#organization\"},\"potentialAction\":[{\"@type\":\"SearchAction\",\"target\":{\"@type\":\"EntryPoint\",\"urlTemplate\":\"https:\\\/\\\/www.viager-equilibre.lu\\\/lb-lu\\\/?s={search_term_string}\"},\"query-input\":{\"@type\":\"PropertyValueSpecification\",\"valueRequired\":true,\"valueName\":\"search_term_string\"}}],\"inLanguage\":\"lb-LU\"},{\"@type\":\"Organization\",\"@id\":\"https:\\\/\\\/www.viager-equilibre.lu\\\/lb-lu\\\/#organization\",\"name\":\"Equilibr\u00e9iert Liewensrente\",\"url\":\"https:\\\/\\\/www.viager-equilibre.lu\\\/lb-lu\\\/\",\"logo\":{\"@type\":\"ImageObject\",\"inLanguage\":\"lb-LU\",\"@id\":\"https:\\\/\\\/www.viager-equilibre.lu\\\/lb-lu\\\/#\\\/schema\\\/logo\\\/image\\\/\",\"url\":\"https:\\\/\\\/www.viager-equilibre.lu\\\/wp-content\\\/uploads\\\/2026\\\/03\\\/logo.png\",\"contentUrl\":\"https:\\\/\\\/www.viager-equilibre.lu\\\/wp-content\\\/uploads\\\/2026\\\/03\\\/logo.png\",\"width\":300,\"height\":105,\"caption\":\"Equilibr\u00e9iert Liewensrente\"},\"image\":{\"@id\":\"https:\\\/\\\/www.viager-equilibre.lu\\\/lb-lu\\\/#\\\/schema\\\/logo\\\/image\\\/\"}}]}<\/script>\n<!-- \/ Yoast SEO plugin. -->","yoast_head_json":{"title":"Invest\u00e9ieren an Liewensrenten - Equilibr\u00e9iert Liewensrente","robots":{"index":"index","follow":"follow","max-snippet":"max-snippet:-1","max-image-preview":"max-image-preview:large","max-video-preview":"max-video-preview:-1"},"canonical":"https:\/\/www.viager-equilibre.lu\/lb-lu\/investeieren-an-liewensrenten\/","og_locale":"en_US","og_type":"article","og_title":"Invest\u00e9ieren an Liewensrenten - Equilibr\u00e9iert Liewensrente","og_description":"De Kaf vun enger Liewensannuit\u00e9it besat mat oder ouni Renten GUIDE FIR DEN INVESTOR AN BUSY LIFE ANNUITY &#8220;Ee besat Liewensrentehaus kafen l\u00e9ist de Problem vun der Finanz\u00e9ierung vu Pensioune fir de Verkeefer an de Keefer un&#8221; &nbsp; DEN BESETZT LIEWENSRENTE Eng finanziell Investitioun op Immobilien \u00cbnnerst\u00ebtzung Et kann vergl\u00e4icht ginn mat Spuerungen, d\u00e9i iwwer...","og_url":"https:\/\/www.viager-equilibre.lu\/lb-lu\/investeieren-an-liewensrenten\/","og_site_name":"Equilibr\u00e9iert Liewensrente","og_image":[{"url":"https:\/\/www.viager-equilibre.lu\/wp-content\/uploads\/2019\/01\/financement-retraite-2018-300x200.jpg","type":"","width":"","height":""}],"twitter_card":"summary_large_image","twitter_misc":{"Est. reading time":"4 minutes"},"schema":{"@context":"https:\/\/schema.org","@graph":[{"@type":"WebPage","@id":"https:\/\/www.viager-equilibre.lu\/lb-lu\/investeieren-an-liewensrenten\/","url":"https:\/\/www.viager-equilibre.lu\/lb-lu\/investeieren-an-liewensrenten\/","name":"Invest\u00e9ieren an Liewensrenten - Equilibr\u00e9iert Liewensrente","isPartOf":{"@id":"https:\/\/www.viager-equilibre.lu\/lb-lu\/#website"},"primaryImageOfPage":{"@id":"https:\/\/www.viager-equilibre.lu\/lb-lu\/investeieren-an-liewensrenten\/#primaryimage"},"image":{"@id":"https:\/\/www.viager-equilibre.lu\/lb-lu\/investeieren-an-liewensrenten\/#primaryimage"},"thumbnailUrl":"https:\/\/www.viager-equilibre.lu\/wp-content\/uploads\/2019\/01\/financement-retraite-2018-300x200.jpg","datePublished":"2019-01-16T14:42:39+00:00","breadcrumb":{"@id":"https:\/\/www.viager-equilibre.lu\/lb-lu\/investeieren-an-liewensrenten\/#breadcrumb"},"inLanguage":"lb-LU","potentialAction":[{"@type":"ReadAction","target":["https:\/\/www.viager-equilibre.lu\/lb-lu\/investeieren-an-liewensrenten\/"]}]},{"@type":"ImageObject","inLanguage":"lb-LU","@id":"https:\/\/www.viager-equilibre.lu\/lb-lu\/investeieren-an-liewensrenten\/#primaryimage","url":"https:\/\/www.viager-equilibre.lu\/wp-content\/uploads\/2019\/01\/financement-retraite-2018-300x200.jpg","contentUrl":"https:\/\/www.viager-equilibre.lu\/wp-content\/uploads\/2019\/01\/financement-retraite-2018-300x200.jpg"},{"@type":"BreadcrumbList","@id":"https:\/\/www.viager-equilibre.lu\/lb-lu\/investeieren-an-liewensrenten\/#breadcrumb","itemListElement":[{"@type":"ListItem","position":1,"name":"W\u00ebllkomm","item":"https:\/\/www.viager-equilibre.lu\/lb-lu\/"},{"@type":"ListItem","position":2,"name":"Invest\u00e9ieren an Liewensrenten"}]},{"@type":"WebSite","@id":"https:\/\/www.viager-equilibre.lu\/lb-lu\/#website","url":"https:\/\/www.viager-equilibre.lu\/lb-lu\/","name":"Equilibr\u00e9iert Liewensrente","description":"Liewensrente Spezialist am G.D vu L\u00ebtzebuerg","publisher":{"@id":"https:\/\/www.viager-equilibre.lu\/lb-lu\/#organization"},"potentialAction":[{"@type":"SearchAction","target":{"@type":"EntryPoint","urlTemplate":"https:\/\/www.viager-equilibre.lu\/lb-lu\/?s={search_term_string}"},"query-input":{"@type":"PropertyValueSpecification","valueRequired":true,"valueName":"search_term_string"}}],"inLanguage":"lb-LU"},{"@type":"Organization","@id":"https:\/\/www.viager-equilibre.lu\/lb-lu\/#organization","name":"Equilibr\u00e9iert Liewensrente","url":"https:\/\/www.viager-equilibre.lu\/lb-lu\/","logo":{"@type":"ImageObject","inLanguage":"lb-LU","@id":"https:\/\/www.viager-equilibre.lu\/lb-lu\/#\/schema\/logo\/image\/","url":"https:\/\/www.viager-equilibre.lu\/wp-content\/uploads\/2026\/03\/logo.png","contentUrl":"https:\/\/www.viager-equilibre.lu\/wp-content\/uploads\/2026\/03\/logo.png","width":300,"height":105,"caption":"Equilibr\u00e9iert Liewensrente"},"image":{"@id":"https:\/\/www.viager-equilibre.lu\/lb-lu\/#\/schema\/logo\/image\/"}}]}},"_links":{"self":[{"href":"https:\/\/www.viager-equilibre.lu\/lb-lu\/wp-json\/wp\/v2\/pages\/13268","targetHints":{"allow":["GET"]}}],"collection":[{"href":"https:\/\/www.viager-equilibre.lu\/lb-lu\/wp-json\/wp\/v2\/pages"}],"about":[{"href":"https:\/\/www.viager-equilibre.lu\/lb-lu\/wp-json\/wp\/v2\/types\/page"}],"author":[{"embeddable":true,"href":"https:\/\/www.viager-equilibre.lu\/lb-lu\/wp-json\/wp\/v2\/users\/1"}],"replies":[{"embeddable":true,"href":"https:\/\/www.viager-equilibre.lu\/lb-lu\/wp-json\/wp\/v2\/comments?post=13268"}],"version-history":[{"count":0,"href":"https:\/\/www.viager-equilibre.lu\/lb-lu\/wp-json\/wp\/v2\/pages\/13268\/revisions"}],"wp:attachment":[{"href":"https:\/\/www.viager-equilibre.lu\/lb-lu\/wp-json\/wp\/v2\/media?parent=13268"}],"curies":[{"name":"wp","href":"https:\/\/api.w.org\/{rel}","templated":true}]}}