{"id":13269,"date":"2019-01-16T14:37:35","date_gmt":"2019-01-16T14:37:35","guid":{"rendered":"https:\/\/www.viager-equilibre.lu\/dbenotzungs-a-wunnrecht-an-der-besat-liewensrente\/"},"modified":"2023-10-20T08:06:38","modified_gmt":"2023-10-20T08:06:38","slug":"dbenotzungs-a-wunnrecht-an-der-besat-liewensrente","status":"publish","type":"page","link":"https:\/\/www.viager-equilibre.lu\/lb-lu\/dbenotzungs-a-wunnrecht-an-der-besat-liewensrente\/","title":{"rendered":"D&#8217;Benotzungs- a Wunnrecht an der besat Liewensrente"},"content":{"rendered":"<p>[vc_row][vc_column][vc_column_text]<br \/>\nEeler Leit k\u00ebnnen als <strong>besat Liewensrente<\/strong> verkafen, dat heescht andeems se de Gebrauch vun de Raimlechkeete fir hir Liewensdauer reserv\u00e9ieren. D\u00ebst Recht g\u00ebtt hinnen d&#8217;M\u00e9iglechkeet weider an hirem gew\u00e9inlechen \u00cbmfeld (Liewensqualit\u00e9it) ze liewen, w\u00e4hrend se eng Rente kr\u00e9ien, d\u00e9i Akommes aus dem Kapital immobilis\u00e9iert am Bes\u00ebtz vun hirem Haus oder Appartement represent\u00e9iert.<\/p>\n<p>D&#8217;Benotzungs- a Wunnrecht, am G\u00e9igesaz zum Usufrukt, deen eng Zersetzung vum Eegentumsrecht ass, ass e pers\u00e9inlecht Recht dat dem Rentner net erlaabt d&#8217;Gebai ze lounen. D\u00ebst Recht ass net iwwerdrobar, awer de Mann profit\u00e9iert vun d\u00ebsem Recht nom Doud vum Annuitant, wann dat an der Notarakt virgesi war.<\/p>\n<p>D&#8217;Benotzungs- a Wunnrecht verh\u00ebnnert datt de Keefer vun enger <strong>besat Liewensrente<\/strong> am Bes\u00ebtz, fir \u00cbnnerkunft oder dat kaaft Gebai ze lounen. Et stellt also e Kapitalverloscht beim Kaf duer, e best\u00ebmmte m\u00e9i oder manner bedeitende W\u00e4ert, dee vum fr\u00e4ie W\u00e4ert vun der verkaafter Immobilie ofgezu g\u00ebtt.<\/p>\n<p>D\u00ebst Recht kann 10 bis 50% vum fr\u00e4ie W\u00e4ert duerstellen, jee no Alter vun de Verkeefer: Wat m\u00e9i h\u00e9ich ass den Alter, wat d&#8217;Liewenserwaardung m\u00e9i niddereg ass, wat de W\u00e4ert vum Wunnrecht m\u00e9i niddereg ass.<\/p>\n<p>Natierlech fanne mir an der Berechnung vun d\u00ebsem W\u00e4ert dat wesentlecht Element vun der Liewensrente: d&#8217;Gefor.<\/p>\n<p>An der<strong> besat Liewensrente<\/strong> muss d&#8217;Verdeelung vun de K\u00e4schten a Reparaturen t\u00ebscht dem Verkeefer an dem Keefer pr\u00e4zis sinn: et ass w\u00ebnschensw\u00e4ert, op d&#8217;Verdeelung ze referenz\u00e9ieren, d\u00e9i am Mietreglement virgesinn ass.<\/p>\n<p><strong>Fir vum Verkeefer (den Annuitant) ze bezuelen<\/strong><\/p>\n<p><strong>K\u00e4schten<\/strong> &#8211; Alles wat verbraucht ass: Waasser, Elektrizit\u00e9it, Gas, Energieversuergung fir Heizung, alles wat mam Gebrauch vun de verschiddenen Elementer vun der Immobilie verbonnen ass, routin\u00e9iert \u00cbnnerhaltsk\u00e4schten, Wunnengssteier, Steiererkl\u00e4rung an Haushaltsoff\u00e4ll, &#8220;Besetzer&#8221; Vers\u00e9cherung ( Mietrisiken).<\/p>\n<p><strong>Reparaturen<\/strong> &#8211; All Reparaturen am Zesummenhang mat Routinehaltung, all kleng Reparaturen.<\/p>\n<p><strong>Fir vum Keefer (de Schuldner) ze bezuelen<\/strong><\/p>\n<p>All aner K\u00e4schten a Reparaturen, besonnesch gr\u00e9isser Reparaturen: Grondsteier, &#8220;Feier&#8221; Vers\u00e9cherung (net besat Bes\u00ebtzer).<\/p>\n<p>Am Fall vun enger <strong>deelweis besat Liewensrente<\/strong> muss d&#8217;Verdeelung nom selwechte Prinzip gemaach ginn, awer et ass m\u00e9i schw\u00e9ier ze finalis\u00e9ieren, well et h\u00e4nkt vum gudde Glawe vun de Parteien of, fir hiren aktuelle Konsum unzeweisen.<\/p>\n<p>&nbsp;<\/p>\n<p>Als Ofschloss muss den Accord iwwert d&#8217;Benotzungs- a Wunnrechtsrecht fir d&#8217;Parteien gerecht sinn, et ass op d\u00ebser Bedingung datt d&#8217;Interesse vun den Rentner an Debiteuren vun esou verschiddenen Alter komplementar k\u00ebnne sinn an datt all Partei dovunner profit\u00e9iert.<\/p>\n<p>D\u00e9i<strong> besat Liewensrente<\/strong> ass e praktesche Wee fir an \u00c4rem Heem ze alen, w\u00e4rend Dir \u00c4r <strong>Pensioun<\/strong> op eng wesentlech a s\u00e9cher Man\u00e9ier verbessert.<\/p>\n<p>D\u00e9i <strong>besat Liewensrente<\/strong> erlaabt Zougang zu Immobilien (Immobilieninvestitiounen) fir vill potenziell Keefer, d\u00e9i net vun traditionellen Immobiliepr\u00eate profit\u00e9iere k\u00ebnnen (H\u00e4ndler, Selbst\u00e4nneg, Investisseuren, etc.).<br \/>\n[\/vc_column_text][\/vc_column][\/vc_row]<\/p>\n","protected":false},"excerpt":{"rendered":"<p>[vc_row][vc_column][vc_column_text] Eeler Leit k\u00ebnnen als besat Liewensrente verkafen, dat heescht andeems se de Gebrauch vun de Raimlechkeete fir hir Liewensdauer reserv\u00e9ieren. D\u00ebst Recht g\u00ebtt hinnen d&#8217;M\u00e9iglechkeet weider an hirem gew\u00e9inlechen \u00cbmfeld (Liewensqualit\u00e9it) ze liewen, w\u00e4hrend se eng Rente kr\u00e9ien, d\u00e9i Akommes aus dem Kapital immobilis\u00e9iert am Bes\u00ebtz vun hirem Haus oder Appartement represent\u00e9iert. D&#8217;Benotzungs- a&#8230;<\/p>\n","protected":false},"author":1,"featured_media":0,"parent":0,"menu_order":0,"comment_status":"closed","ping_status":"closed","template":"","meta":{"footnotes":""},"class_list":["post-13269","page","type-page","status-publish","hentry"],"yoast_head":"<!-- This site is optimized with the Yoast SEO plugin v27.4 - https:\/\/yoast.com\/product\/yoast-seo-wordpress\/ -->\n<title>D&#039;Benotzungs- a Wunnrecht an der besat Liewensrente - Equilibr\u00e9iert Liewensrente<\/title>\n<meta name=\"robots\" content=\"index, follow, max-snippet:-1, max-image-preview:large, max-video-preview:-1\" \/>\n<link rel=\"canonical\" href=\"https:\/\/www.viager-equilibre.lu\/lb-lu\/dbenotzungs-a-wunnrecht-an-der-besat-liewensrente\/\" \/>\n<meta property=\"og:locale\" content=\"en_US\" \/>\n<meta property=\"og:type\" content=\"article\" \/>\n<meta property=\"og:title\" content=\"D&#039;Benotzungs- a Wunnrecht an der besat Liewensrente - Equilibr\u00e9iert Liewensrente\" \/>\n<meta property=\"og:description\" content=\"[vc_row][vc_column][vc_column_text] Eeler Leit k\u00ebnnen als besat Liewensrente verkafen, dat heescht andeems se de Gebrauch vun de Raimlechkeete fir hir Liewensdauer reserv\u00e9ieren. D\u00ebst Recht g\u00ebtt hinnen d&#8217;M\u00e9iglechkeet weider an hirem gew\u00e9inlechen \u00cbmfeld (Liewensqualit\u00e9it) ze liewen, w\u00e4hrend se eng Rente kr\u00e9ien, d\u00e9i Akommes aus dem Kapital immobilis\u00e9iert am Bes\u00ebtz vun hirem Haus oder Appartement represent\u00e9iert. D&#8217;Benotzungs- a...\" \/>\n<meta property=\"og:url\" content=\"https:\/\/www.viager-equilibre.lu\/lb-lu\/dbenotzungs-a-wunnrecht-an-der-besat-liewensrente\/\" \/>\n<meta property=\"og:site_name\" content=\"Equilibr\u00e9iert Liewensrente\" \/>\n<meta property=\"article:modified_time\" content=\"2023-10-20T08:06:38+00:00\" \/>\n<meta name=\"twitter:card\" content=\"summary_large_image\" \/>\n<meta name=\"twitter:label1\" content=\"Est. reading time\" \/>\n\t<meta name=\"twitter:data1\" content=\"3 minutes\" \/>\n<script type=\"application\/ld+json\" class=\"yoast-schema-graph\">{\"@context\":\"https:\\\/\\\/schema.org\",\"@graph\":[{\"@type\":\"WebPage\",\"@id\":\"https:\\\/\\\/www.viager-equilibre.lu\\\/lb-lu\\\/dbenotzungs-a-wunnrecht-an-der-besat-liewensrente\\\/\",\"url\":\"https:\\\/\\\/www.viager-equilibre.lu\\\/lb-lu\\\/dbenotzungs-a-wunnrecht-an-der-besat-liewensrente\\\/\",\"name\":\"D'Benotzungs- a Wunnrecht an der besat Liewensrente - Equilibr\u00e9iert Liewensrente\",\"isPartOf\":{\"@id\":\"https:\\\/\\\/www.viager-equilibre.lu\\\/lb-lu\\\/#website\"},\"datePublished\":\"2019-01-16T14:37:35+00:00\",\"dateModified\":\"2023-10-20T08:06:38+00:00\",\"breadcrumb\":{\"@id\":\"https:\\\/\\\/www.viager-equilibre.lu\\\/lb-lu\\\/dbenotzungs-a-wunnrecht-an-der-besat-liewensrente\\\/#breadcrumb\"},\"inLanguage\":\"lb-LU\",\"potentialAction\":[{\"@type\":\"ReadAction\",\"target\":[\"https:\\\/\\\/www.viager-equilibre.lu\\\/lb-lu\\\/dbenotzungs-a-wunnrecht-an-der-besat-liewensrente\\\/\"]}]},{\"@type\":\"BreadcrumbList\",\"@id\":\"https:\\\/\\\/www.viager-equilibre.lu\\\/lb-lu\\\/dbenotzungs-a-wunnrecht-an-der-besat-liewensrente\\\/#breadcrumb\",\"itemListElement\":[{\"@type\":\"ListItem\",\"position\":1,\"name\":\"W\u00ebllkomm\",\"item\":\"https:\\\/\\\/www.viager-equilibre.lu\\\/lb-lu\\\/\"},{\"@type\":\"ListItem\",\"position\":2,\"name\":\"D&#8217;Benotzungs- a Wunnrecht an der besat Liewensrente\"}]},{\"@type\":\"WebSite\",\"@id\":\"https:\\\/\\\/www.viager-equilibre.lu\\\/lb-lu\\\/#website\",\"url\":\"https:\\\/\\\/www.viager-equilibre.lu\\\/lb-lu\\\/\",\"name\":\"Equilibr\u00e9iert Liewensrente\",\"description\":\"Liewensrente Spezialist am G.D vu L\u00ebtzebuerg\",\"publisher\":{\"@id\":\"https:\\\/\\\/www.viager-equilibre.lu\\\/lb-lu\\\/#organization\"},\"potentialAction\":[{\"@type\":\"SearchAction\",\"target\":{\"@type\":\"EntryPoint\",\"urlTemplate\":\"https:\\\/\\\/www.viager-equilibre.lu\\\/lb-lu\\\/?s={search_term_string}\"},\"query-input\":{\"@type\":\"PropertyValueSpecification\",\"valueRequired\":true,\"valueName\":\"search_term_string\"}}],\"inLanguage\":\"lb-LU\"},{\"@type\":\"Organization\",\"@id\":\"https:\\\/\\\/www.viager-equilibre.lu\\\/lb-lu\\\/#organization\",\"name\":\"Equilibr\u00e9iert Liewensrente\",\"url\":\"https:\\\/\\\/www.viager-equilibre.lu\\\/lb-lu\\\/\",\"logo\":{\"@type\":\"ImageObject\",\"inLanguage\":\"lb-LU\",\"@id\":\"https:\\\/\\\/www.viager-equilibre.lu\\\/lb-lu\\\/#\\\/schema\\\/logo\\\/image\\\/\",\"url\":\"https:\\\/\\\/www.viager-equilibre.lu\\\/wp-content\\\/uploads\\\/2026\\\/03\\\/logo.png\",\"contentUrl\":\"https:\\\/\\\/www.viager-equilibre.lu\\\/wp-content\\\/uploads\\\/2026\\\/03\\\/logo.png\",\"width\":300,\"height\":105,\"caption\":\"Equilibr\u00e9iert Liewensrente\"},\"image\":{\"@id\":\"https:\\\/\\\/www.viager-equilibre.lu\\\/lb-lu\\\/#\\\/schema\\\/logo\\\/image\\\/\"}}]}<\/script>\n<!-- \/ Yoast SEO plugin. -->","yoast_head_json":{"title":"D'Benotzungs- a Wunnrecht an der besat Liewensrente - Equilibr\u00e9iert Liewensrente","robots":{"index":"index","follow":"follow","max-snippet":"max-snippet:-1","max-image-preview":"max-image-preview:large","max-video-preview":"max-video-preview:-1"},"canonical":"https:\/\/www.viager-equilibre.lu\/lb-lu\/dbenotzungs-a-wunnrecht-an-der-besat-liewensrente\/","og_locale":"en_US","og_type":"article","og_title":"D'Benotzungs- a Wunnrecht an der besat Liewensrente - Equilibr\u00e9iert Liewensrente","og_description":"[vc_row][vc_column][vc_column_text] Eeler Leit k\u00ebnnen als besat Liewensrente verkafen, dat heescht andeems se de Gebrauch vun de Raimlechkeete fir hir Liewensdauer reserv\u00e9ieren. D\u00ebst Recht g\u00ebtt hinnen d&#8217;M\u00e9iglechkeet weider an hirem gew\u00e9inlechen \u00cbmfeld (Liewensqualit\u00e9it) ze liewen, w\u00e4hrend se eng Rente kr\u00e9ien, d\u00e9i Akommes aus dem Kapital immobilis\u00e9iert am Bes\u00ebtz vun hirem Haus oder Appartement represent\u00e9iert. D&#8217;Benotzungs- a...","og_url":"https:\/\/www.viager-equilibre.lu\/lb-lu\/dbenotzungs-a-wunnrecht-an-der-besat-liewensrente\/","og_site_name":"Equilibr\u00e9iert Liewensrente","article_modified_time":"2023-10-20T08:06:38+00:00","twitter_card":"summary_large_image","twitter_misc":{"Est. reading time":"3 minutes"},"schema":{"@context":"https:\/\/schema.org","@graph":[{"@type":"WebPage","@id":"https:\/\/www.viager-equilibre.lu\/lb-lu\/dbenotzungs-a-wunnrecht-an-der-besat-liewensrente\/","url":"https:\/\/www.viager-equilibre.lu\/lb-lu\/dbenotzungs-a-wunnrecht-an-der-besat-liewensrente\/","name":"D'Benotzungs- a Wunnrecht an der besat Liewensrente - Equilibr\u00e9iert Liewensrente","isPartOf":{"@id":"https:\/\/www.viager-equilibre.lu\/lb-lu\/#website"},"datePublished":"2019-01-16T14:37:35+00:00","dateModified":"2023-10-20T08:06:38+00:00","breadcrumb":{"@id":"https:\/\/www.viager-equilibre.lu\/lb-lu\/dbenotzungs-a-wunnrecht-an-der-besat-liewensrente\/#breadcrumb"},"inLanguage":"lb-LU","potentialAction":[{"@type":"ReadAction","target":["https:\/\/www.viager-equilibre.lu\/lb-lu\/dbenotzungs-a-wunnrecht-an-der-besat-liewensrente\/"]}]},{"@type":"BreadcrumbList","@id":"https:\/\/www.viager-equilibre.lu\/lb-lu\/dbenotzungs-a-wunnrecht-an-der-besat-liewensrente\/#breadcrumb","itemListElement":[{"@type":"ListItem","position":1,"name":"W\u00ebllkomm","item":"https:\/\/www.viager-equilibre.lu\/lb-lu\/"},{"@type":"ListItem","position":2,"name":"D&#8217;Benotzungs- a Wunnrecht an der besat Liewensrente"}]},{"@type":"WebSite","@id":"https:\/\/www.viager-equilibre.lu\/lb-lu\/#website","url":"https:\/\/www.viager-equilibre.lu\/lb-lu\/","name":"Equilibr\u00e9iert Liewensrente","description":"Liewensrente Spezialist am G.D vu L\u00ebtzebuerg","publisher":{"@id":"https:\/\/www.viager-equilibre.lu\/lb-lu\/#organization"},"potentialAction":[{"@type":"SearchAction","target":{"@type":"EntryPoint","urlTemplate":"https:\/\/www.viager-equilibre.lu\/lb-lu\/?s={search_term_string}"},"query-input":{"@type":"PropertyValueSpecification","valueRequired":true,"valueName":"search_term_string"}}],"inLanguage":"lb-LU"},{"@type":"Organization","@id":"https:\/\/www.viager-equilibre.lu\/lb-lu\/#organization","name":"Equilibr\u00e9iert Liewensrente","url":"https:\/\/www.viager-equilibre.lu\/lb-lu\/","logo":{"@type":"ImageObject","inLanguage":"lb-LU","@id":"https:\/\/www.viager-equilibre.lu\/lb-lu\/#\/schema\/logo\/image\/","url":"https:\/\/www.viager-equilibre.lu\/wp-content\/uploads\/2026\/03\/logo.png","contentUrl":"https:\/\/www.viager-equilibre.lu\/wp-content\/uploads\/2026\/03\/logo.png","width":300,"height":105,"caption":"Equilibr\u00e9iert Liewensrente"},"image":{"@id":"https:\/\/www.viager-equilibre.lu\/lb-lu\/#\/schema\/logo\/image\/"}}]}},"_links":{"self":[{"href":"https:\/\/www.viager-equilibre.lu\/lb-lu\/wp-json\/wp\/v2\/pages\/13269","targetHints":{"allow":["GET"]}}],"collection":[{"href":"https:\/\/www.viager-equilibre.lu\/lb-lu\/wp-json\/wp\/v2\/pages"}],"about":[{"href":"https:\/\/www.viager-equilibre.lu\/lb-lu\/wp-json\/wp\/v2\/types\/page"}],"author":[{"embeddable":true,"href":"https:\/\/www.viager-equilibre.lu\/lb-lu\/wp-json\/wp\/v2\/users\/1"}],"replies":[{"embeddable":true,"href":"https:\/\/www.viager-equilibre.lu\/lb-lu\/wp-json\/wp\/v2\/comments?post=13269"}],"version-history":[{"count":2,"href":"https:\/\/www.viager-equilibre.lu\/lb-lu\/wp-json\/wp\/v2\/pages\/13269\/revisions"}],"predecessor-version":[{"id":13271,"href":"https:\/\/www.viager-equilibre.lu\/lb-lu\/wp-json\/wp\/v2\/pages\/13269\/revisions\/13271"}],"wp:attachment":[{"href":"https:\/\/www.viager-equilibre.lu\/lb-lu\/wp-json\/wp\/v2\/media?parent=13269"}],"curies":[{"name":"wp","href":"https:\/\/api.w.org\/{rel}","templated":true}]}}