{"id":13288,"date":"2019-01-16T15:19:31","date_gmt":"2019-01-16T15:19:31","guid":{"rendered":"https:\/\/www.viager-equilibre.lu\/virsiichtsmoossname-fir-ze-huelen-a-falen-ze-vermeiden-wann-dir-eng-liewensrente-kaaft\/"},"modified":"2019-01-16T15:19:31","modified_gmt":"2019-01-16T15:19:31","slug":"virsiichtsmoossname-fir-ze-huelen-a-falen-ze-vermeiden-wann-dir-eng-liewensrente-kaaft","status":"publish","type":"page","link":"https:\/\/www.viager-equilibre.lu\/lb-lu\/virsiichtsmoossname-fir-ze-huelen-a-falen-ze-vermeiden-wann-dir-eng-liewensrente-kaaft\/","title":{"rendered":"Virsiichtsmoossname fir ze huelen a Falen ze vermeiden wann Dir eng Liewensrente kaaft"},"content":{"rendered":"<h2>Oder d&#8217;Iwwerliewe Kit fir Liewen Annuit\u00e9it Investitioun<\/h2>\n<p><strong>Fr\u00e4iw\u00e4ert vun der Immobilie:<\/strong><\/p>\n<p>Den Investisseur muss d\u00ebse fr\u00e4ie W\u00e4ert kennen, deen d&#8217;Basis ass, op d\u00e4r de Bouquet an d&#8217;Liewensrente berechent ginn (Kuckt de PATRIM Steierverbindung fir mat gl\u00e4ichw\u00e4ertegen Eegeschafte kierzlech an der G\u00e9igend ze vergl\u00e4ichen).<\/p>\n<p><strong>Besetzungsverloscht:<\/strong><\/p>\n<p>Den Investisseur muss och d\u00ebse wirtschaftleche W\u00e4ertverloscht kennen, deen duerch Subtraktioun de besatene W\u00e4ert vun der Immobilie g\u00ebtt, e W\u00e4ertverloscht, deen op iergend eng Man\u00e9ier d&#8217;Loyeren duerstellt, d\u00e9i de Verkeefer iwwer seng Liewenserwaardung am Viraus bezuelt hunn an deen z.B. \u2013 50% vum fr\u00e4ie W\u00e4ert vun der Immobilie fir eng Persoun mat enger Liewenserwaardung vu 15 Joer (77 Joer al Fra an 72 Joer ale Mann).<\/p>\n<p><strong>Bouquet Betrag:<\/strong><\/p>\n<p>De Bouquet, deen net mat engem Hypothekarkredit finanz\u00e9iert ka ginn, d\u00e4erf net m\u00e9i w\u00e9i 30 bis 35% vum besatene W\u00e4ert vun der Immobilie sinn, awer kann 40 bis 50% vun d\u00ebsem W\u00e4ert erreechen fir Verkeefer vum 4. Alter (M\u00e4nnlech iwwer 80 a Fra iwwer 85 Joer) ).<\/p>\n<p><strong>Betrag vun der Rente:<\/strong><\/p>\n<p>Am Fall vun enger gratis Liewensannuit\u00e9it muss d&#8217;Annuit\u00e9it \u00ebmmer m\u00e9i h\u00e9ich sinn w\u00e9i den Nettoloyer, dee kritt g\u00ebtt, ausser wann e grousse Bouquet beim Kaf bezuelt g\u00ebtt an\/oder eng bedeitend Aarbecht gemaach g\u00ebtt fir d\u00ebse Loyer ze kr\u00e9ien. Soss g\u00ebtt de Verkaf gel\u00e9ist (annul\u00e9iert) w\u00e9inst Mangel u Noutfall oder Mangel u Pr\u00e4is.<\/p>\n<p><strong>M\u00ebssbrauch vu Schw\u00e4cht:<\/strong><\/p>\n<p>An engem Liewen annuity Akaf, den Investisseur muss mat Vorsicht an \u00ebnnerscheeden g\u00e9int de Verkeefer handelen, sou datt hien net w\u00e9inst M\u00ebssbrauch vu Schw\u00e4cht verfollegt g\u00ebtt, och nom Kaf, d&#8217;Riichter sinn barmh\u00e4erzlech op d\u00ebs Zort vu M\u00ebssbrauch an d&#8217;Notaire sinn dacks ganz zr\u00e9ckbehalen ze z\u00e9ien. e Verkafsakt fir Liewensrente op.<\/p>\n<p><strong>Notaire n\u00e9ideg Passage: <\/strong><\/p>\n<p>Den obligatoresche Passage, deen den Notaire ass, kann d&#8217;Clienten n\u00ebmmen iwwerfl\u00e4chlech berouegen, Ausnahmen ausnahmen, well et am Duerchschn\u00ebtt manner w\u00e9i eng Liewensrente pro Joer pro Notaire verkeeft an d\u00e9i meescht vun hinne l\u00e9iwer hire Clienten derg\u00e9int beroden w\u00e9inst Mangel u W\u00ebssen vun d\u00ebsem Typ. vum Verkaf.<\/p>\n<p><strong>Sougenannte Notairesk\u00e4schte:<\/strong><\/p>\n<p>D\u00ebs gi berechent op de besetzte W\u00e4ert vun der Immobilie an et ass staark recommand\u00e9iert hire Betrag ze froen an d&#8217;Berechnung ze kontroll\u00e9ieren ier Dir de Verkafsvertrag \u00ebnnerschreift (Kuckt de Link: www.paris.notaires.fr\/outil\/immobilier\/calcul -purchase-costs ).<\/p>\n<p><strong>Doud vum Verkeefer bannent 20 Deeg:<\/strong><\/p>\n<p>Dir hutt gesot datt de Verkeefer net bannent 20 Deeg stierwe sollt, d\u00ebst ass ganz deelweis richteg. Tats\u00e4chlech, an et wier nach \u00ebmmer n\u00e9ideg, den Ausgangspunkt vun d\u00ebser Period (Kompromiss oder Notarakt?) ze w\u00ebssen, d\u00ebs Period ass verbonne mat der Tatsaach, datt d\u00ebsen Doud d&#8217;Resultat vun enger Krankheet muss sinn, d\u00e9i vum Keefer bekannt oder bekannt ass. kee Stroossenaccident zum Beispill. Ausserdeem, z\u00ebnter 1804, dem Datum vun der Schafung vum Code Civil, Medezin huet e puer Fortschr\u00ebtter z\u00ebnterhier gemaach, d&#8217;Geriichter hunn d&#8217;Resolutioun (Annulatioun) vu verschiddene Liewensannuit\u00e9iten ausgeschwat andeems d\u00ebs Period vun 20 Deeg op e puer M\u00e9int verl\u00e4ngert g\u00ebtt.<\/p>\n<p><strong>Belounung fir fr\u00e9i Ver\u00ebffentlechung:<\/strong><\/p>\n<p>Am Fall vun de Kaf vun enger besat Liewensrente ass et onbed\u00e9ngt am Akafsakt ze spezifiz\u00e9ieren w\u00e9i d\u00e9i fr\u00e9i Ver\u00ebffentlechung vun der kaaft Immobilie stattf\u00ebnnt. Et g\u00ebtt also recommand\u00e9iert, wann net obligatoresch, bei der definitiver Iwwerreechung vun de Schl\u00ebsselen eng Erh\u00e9ijung vun der Rente vun engem best\u00ebmmte Prozentsaz virzebereeden. D\u00ebs Klausel vermeit en zuk\u00fcnfteg Str\u00e4it, wann de Besetzer an d&#8217;Altersheem fortgeet, obwuel se dacks am Notaire verzicht g\u00ebtt, besonnesch vun Net-Profien am Liewensvers\u00e9cherungssystem.<\/p>\n<p><strong>DAUBRY 2018 Skala:<\/strong><\/p>\n<p>et ass d&#8217;Referenzskala fir d&#8217;Berechnung vun enger Liewensrente, de Kapitalverloscht op Besetzung, de Bouquet an d&#8217;Annuit\u00e9it awer et ass net d&#8217;Bibel an Dir k\u00ebnnt \u00ebmmer de Bouquet an d&#8217;Rente verhandelen w\u00e9i an engem klassesche Kaf.<\/p>\n<p><strong>De Ruff vun der Liewensrente:<\/strong><\/p>\n<p>Dir k\u00ebnnt d&#8217;Inkompetenz vun deenen beurteelen, d\u00e9i Iech roden ze invest\u00e9ieren an de Kaf vun besate Liewensrenten ze invest\u00e9ieren, wann se de Film &#8220;Le Viager&#8221; mam Michel SERRAULT nennen oder den eenzegaartege Fall vum Doud um 122 vum Jeanne CALMENT nodeems se per Renten verkaaft goufen vu sengem Haus zu sengem Notaire; D\u00ebst ass einfach anekdotesch a profit\u00e9iert Investisseuren d\u00e9i laang de Virdeel verstanen hunn fir besat Liewensrenten ze kafen.<\/p>\n<p><strong>Kaaft vum blote Bes\u00ebtz:<\/strong><\/p>\n<p>An d\u00ebsem Fall g\u00ebtt de Verkeefer automatesch Usufructuary a kann also d\u00e9i Immobilie d\u00e9i Dir kaaft hutt ouni \u00c4r Meenung oder Accord ze froen. D\u00ebst sch\u00e9ngt mir e grousse Risiko fir den Investisseur ze sinn, well hien am Allgemengen interess\u00e9iert ass a keeft eng besat Liewensrente wann hien R\u00e9ckschlag mat engem Locataire hat, R\u00e9ckschlag favoris\u00e9iert vum ALUR Gesetz, e libertizidescht Gesetz fir Locataire.<\/p>\n<p><strong>Statistiken:<\/strong><\/p>\n<p>A Frankr\u00e4ich sinn d&#8217;Liewensrenteverkaaf am Moment e Nischmaart, dee manner w\u00e9i 7.000 Verkaf \/ Joer am Verglach zu 900.000 Verkaf \/ Joer am alen duerstellt; 1 Liewensrente g\u00ebtt also fir 120 traditionell Verkaf verkaaft. D&#8217;Notaire maachen eng Liewensrente\/Joer a vum Notaire op an et sch\u00e9ngt, datt et \u00ebm 3 bis 4 Verkeefer fir 1 Keefer sinn; d\u00e9i lescht ass also an enger Positioun vu Kraaft mat de Grenzen uewen ernimmt (M\u00ebssbrauch vu Schw\u00e4cht a Mangel u Pr\u00e4is).<\/p>\n<p>Zu L\u00ebtzebuerg wiisst de Verkaf vu Liewensrenten lues a st\u00e4nneg, awer mir brauche e puer Joer fir Chifferen festzestellen.<\/p>\n<p><strong>E Maart vun der Zukunft:<\/strong><\/p>\n<p>W\u00e9i och \u00ebmmer, de Maart ass immens a villverspriechend well Senioren Immobilieverm\u00e9igen vun e puer dausend Milliarden Euro hunn (2.700 Milliarde fir d\u00e9i iwwer 75?) a mussen entweder hir Kanner h\u00ebllefen oder d&#8217;Liquidit\u00e9it fir hiren Alldag ze verbesseren an H\u00ebllef fir in\u00e9vitabel Ofh\u00e4ngegkeet ze finanz\u00e9ieren andeems se unzegoen de 4. Alter.<\/p>\n<p><strong>Conclusioun:<\/strong><\/p>\n<p>Zesummegefaasst ass d&#8217;Feld grouss an op fir intelligent Investisseuren, d\u00e9i verstanen hunn datt d&#8217;Investitioun an de Kaf vun besat Liewensrenten eng &#8220;win-win&#8221; intergenerational Transaktioun ass ouni d&#8217;Suergen vun der Locatioun (Gestioun, onbezuelte Loyer, Verschlechterung vun der Immobilie). etc&#8230;)<\/p>\n","protected":false},"excerpt":{"rendered":"<p>Oder d&#8217;Iwwerliewe Kit fir Liewen Annuit\u00e9it Investitioun Fr\u00e4iw\u00e4ert vun der Immobilie: Den Investisseur muss d\u00ebse fr\u00e4ie W\u00e4ert kennen, deen d&#8217;Basis ass, op d\u00e4r de Bouquet an d&#8217;Liewensrente berechent ginn (Kuckt de PATRIM Steierverbindung fir mat gl\u00e4ichw\u00e4ertegen Eegeschafte kierzlech an der G\u00e9igend ze vergl\u00e4ichen). Besetzungsverloscht: Den Investisseur muss och d\u00ebse wirtschaftleche W\u00e4ertverloscht kennen, deen duerch Subtraktioun&#8230;<\/p>\n","protected":false},"author":1,"featured_media":0,"parent":0,"menu_order":0,"comment_status":"closed","ping_status":"closed","template":"","meta":{"footnotes":""},"class_list":["post-13288","page","type-page","status-publish","hentry"],"yoast_head":"<!-- This site is optimized with the Yoast SEO plugin v27.4 - https:\/\/yoast.com\/product\/yoast-seo-wordpress\/ -->\n<title>Virsiichtsmoossname fir ze huelen a Falen ze vermeiden wann Dir eng Liewensrente kaaft - Equilibr\u00e9iert Liewensrente<\/title>\n<meta name=\"robots\" content=\"index, follow, max-snippet:-1, max-image-preview:large, max-video-preview:-1\" \/>\n<link rel=\"canonical\" href=\"https:\/\/www.viager-equilibre.lu\/lb-lu\/virsiichtsmoossname-fir-ze-huelen-a-falen-ze-vermeiden-wann-dir-eng-liewensrente-kaaft\/\" \/>\n<meta property=\"og:locale\" content=\"en_US\" \/>\n<meta property=\"og:type\" content=\"article\" \/>\n<meta property=\"og:title\" content=\"Virsiichtsmoossname fir ze huelen a Falen ze vermeiden wann Dir eng Liewensrente kaaft - Equilibr\u00e9iert Liewensrente\" \/>\n<meta property=\"og:description\" content=\"Oder d&#8217;Iwwerliewe Kit fir Liewen Annuit\u00e9it Investitioun Fr\u00e4iw\u00e4ert vun der Immobilie: Den Investisseur muss d\u00ebse fr\u00e4ie W\u00e4ert kennen, deen d&#8217;Basis ass, op d\u00e4r de Bouquet an d&#8217;Liewensrente berechent ginn (Kuckt de PATRIM Steierverbindung fir mat gl\u00e4ichw\u00e4ertegen Eegeschafte kierzlech an der G\u00e9igend ze vergl\u00e4ichen). Besetzungsverloscht: Den Investisseur muss och d\u00ebse wirtschaftleche W\u00e4ertverloscht kennen, deen duerch Subtraktioun...\" \/>\n<meta property=\"og:url\" content=\"https:\/\/www.viager-equilibre.lu\/lb-lu\/virsiichtsmoossname-fir-ze-huelen-a-falen-ze-vermeiden-wann-dir-eng-liewensrente-kaaft\/\" \/>\n<meta property=\"og:site_name\" content=\"Equilibr\u00e9iert Liewensrente\" \/>\n<meta name=\"twitter:card\" content=\"summary_large_image\" \/>\n<meta name=\"twitter:label1\" content=\"Est. reading time\" \/>\n\t<meta name=\"twitter:data1\" content=\"5 minutes\" \/>\n<script type=\"application\/ld+json\" class=\"yoast-schema-graph\">{\"@context\":\"https:\\\/\\\/schema.org\",\"@graph\":[{\"@type\":\"WebPage\",\"@id\":\"https:\\\/\\\/www.viager-equilibre.lu\\\/lb-lu\\\/virsiichtsmoossname-fir-ze-huelen-a-falen-ze-vermeiden-wann-dir-eng-liewensrente-kaaft\\\/\",\"url\":\"https:\\\/\\\/www.viager-equilibre.lu\\\/lb-lu\\\/virsiichtsmoossname-fir-ze-huelen-a-falen-ze-vermeiden-wann-dir-eng-liewensrente-kaaft\\\/\",\"name\":\"Virsiichtsmoossname fir ze huelen a Falen ze vermeiden wann Dir eng Liewensrente kaaft - Equilibr\u00e9iert Liewensrente\",\"isPartOf\":{\"@id\":\"https:\\\/\\\/www.viager-equilibre.lu\\\/lb-lu\\\/#website\"},\"datePublished\":\"2019-01-16T15:19:31+00:00\",\"breadcrumb\":{\"@id\":\"https:\\\/\\\/www.viager-equilibre.lu\\\/lb-lu\\\/virsiichtsmoossname-fir-ze-huelen-a-falen-ze-vermeiden-wann-dir-eng-liewensrente-kaaft\\\/#breadcrumb\"},\"inLanguage\":\"lb-LU\",\"potentialAction\":[{\"@type\":\"ReadAction\",\"target\":[\"https:\\\/\\\/www.viager-equilibre.lu\\\/lb-lu\\\/virsiichtsmoossname-fir-ze-huelen-a-falen-ze-vermeiden-wann-dir-eng-liewensrente-kaaft\\\/\"]}]},{\"@type\":\"BreadcrumbList\",\"@id\":\"https:\\\/\\\/www.viager-equilibre.lu\\\/lb-lu\\\/virsiichtsmoossname-fir-ze-huelen-a-falen-ze-vermeiden-wann-dir-eng-liewensrente-kaaft\\\/#breadcrumb\",\"itemListElement\":[{\"@type\":\"ListItem\",\"position\":1,\"name\":\"W\u00ebllkomm\",\"item\":\"https:\\\/\\\/www.viager-equilibre.lu\\\/lb-lu\\\/\"},{\"@type\":\"ListItem\",\"position\":2,\"name\":\"Virsiichtsmoossname fir ze huelen a Falen ze vermeiden wann Dir eng Liewensrente kaaft\"}]},{\"@type\":\"WebSite\",\"@id\":\"https:\\\/\\\/www.viager-equilibre.lu\\\/lb-lu\\\/#website\",\"url\":\"https:\\\/\\\/www.viager-equilibre.lu\\\/lb-lu\\\/\",\"name\":\"Equilibr\u00e9iert Liewensrente\",\"description\":\"Liewensrente Spezialist am G.D vu L\u00ebtzebuerg\",\"publisher\":{\"@id\":\"https:\\\/\\\/www.viager-equilibre.lu\\\/lb-lu\\\/#organization\"},\"potentialAction\":[{\"@type\":\"SearchAction\",\"target\":{\"@type\":\"EntryPoint\",\"urlTemplate\":\"https:\\\/\\\/www.viager-equilibre.lu\\\/lb-lu\\\/?s={search_term_string}\"},\"query-input\":{\"@type\":\"PropertyValueSpecification\",\"valueRequired\":true,\"valueName\":\"search_term_string\"}}],\"inLanguage\":\"lb-LU\"},{\"@type\":\"Organization\",\"@id\":\"https:\\\/\\\/www.viager-equilibre.lu\\\/lb-lu\\\/#organization\",\"name\":\"Equilibr\u00e9iert Liewensrente\",\"url\":\"https:\\\/\\\/www.viager-equilibre.lu\\\/lb-lu\\\/\",\"logo\":{\"@type\":\"ImageObject\",\"inLanguage\":\"lb-LU\",\"@id\":\"https:\\\/\\\/www.viager-equilibre.lu\\\/lb-lu\\\/#\\\/schema\\\/logo\\\/image\\\/\",\"url\":\"https:\\\/\\\/www.viager-equilibre.lu\\\/wp-content\\\/uploads\\\/2026\\\/03\\\/logo.png\",\"contentUrl\":\"https:\\\/\\\/www.viager-equilibre.lu\\\/wp-content\\\/uploads\\\/2026\\\/03\\\/logo.png\",\"width\":300,\"height\":105,\"caption\":\"Equilibr\u00e9iert Liewensrente\"},\"image\":{\"@id\":\"https:\\\/\\\/www.viager-equilibre.lu\\\/lb-lu\\\/#\\\/schema\\\/logo\\\/image\\\/\"}}]}<\/script>\n<!-- \/ Yoast SEO plugin. -->","yoast_head_json":{"title":"Virsiichtsmoossname fir ze huelen a Falen ze vermeiden wann Dir eng Liewensrente kaaft - Equilibr\u00e9iert Liewensrente","robots":{"index":"index","follow":"follow","max-snippet":"max-snippet:-1","max-image-preview":"max-image-preview:large","max-video-preview":"max-video-preview:-1"},"canonical":"https:\/\/www.viager-equilibre.lu\/lb-lu\/virsiichtsmoossname-fir-ze-huelen-a-falen-ze-vermeiden-wann-dir-eng-liewensrente-kaaft\/","og_locale":"en_US","og_type":"article","og_title":"Virsiichtsmoossname fir ze huelen a Falen ze vermeiden wann Dir eng Liewensrente kaaft - Equilibr\u00e9iert Liewensrente","og_description":"Oder d&#8217;Iwwerliewe Kit fir Liewen Annuit\u00e9it Investitioun Fr\u00e4iw\u00e4ert vun der Immobilie: Den Investisseur muss d\u00ebse fr\u00e4ie W\u00e4ert kennen, deen d&#8217;Basis ass, op d\u00e4r de Bouquet an d&#8217;Liewensrente berechent ginn (Kuckt de PATRIM Steierverbindung fir mat gl\u00e4ichw\u00e4ertegen Eegeschafte kierzlech an der G\u00e9igend ze vergl\u00e4ichen). Besetzungsverloscht: Den Investisseur muss och d\u00ebse wirtschaftleche W\u00e4ertverloscht kennen, deen duerch Subtraktioun...","og_url":"https:\/\/www.viager-equilibre.lu\/lb-lu\/virsiichtsmoossname-fir-ze-huelen-a-falen-ze-vermeiden-wann-dir-eng-liewensrente-kaaft\/","og_site_name":"Equilibr\u00e9iert Liewensrente","twitter_card":"summary_large_image","twitter_misc":{"Est. reading time":"5 minutes"},"schema":{"@context":"https:\/\/schema.org","@graph":[{"@type":"WebPage","@id":"https:\/\/www.viager-equilibre.lu\/lb-lu\/virsiichtsmoossname-fir-ze-huelen-a-falen-ze-vermeiden-wann-dir-eng-liewensrente-kaaft\/","url":"https:\/\/www.viager-equilibre.lu\/lb-lu\/virsiichtsmoossname-fir-ze-huelen-a-falen-ze-vermeiden-wann-dir-eng-liewensrente-kaaft\/","name":"Virsiichtsmoossname fir ze huelen a Falen ze vermeiden wann Dir eng Liewensrente kaaft - Equilibr\u00e9iert Liewensrente","isPartOf":{"@id":"https:\/\/www.viager-equilibre.lu\/lb-lu\/#website"},"datePublished":"2019-01-16T15:19:31+00:00","breadcrumb":{"@id":"https:\/\/www.viager-equilibre.lu\/lb-lu\/virsiichtsmoossname-fir-ze-huelen-a-falen-ze-vermeiden-wann-dir-eng-liewensrente-kaaft\/#breadcrumb"},"inLanguage":"lb-LU","potentialAction":[{"@type":"ReadAction","target":["https:\/\/www.viager-equilibre.lu\/lb-lu\/virsiichtsmoossname-fir-ze-huelen-a-falen-ze-vermeiden-wann-dir-eng-liewensrente-kaaft\/"]}]},{"@type":"BreadcrumbList","@id":"https:\/\/www.viager-equilibre.lu\/lb-lu\/virsiichtsmoossname-fir-ze-huelen-a-falen-ze-vermeiden-wann-dir-eng-liewensrente-kaaft\/#breadcrumb","itemListElement":[{"@type":"ListItem","position":1,"name":"W\u00ebllkomm","item":"https:\/\/www.viager-equilibre.lu\/lb-lu\/"},{"@type":"ListItem","position":2,"name":"Virsiichtsmoossname fir ze huelen a Falen ze vermeiden wann Dir eng Liewensrente kaaft"}]},{"@type":"WebSite","@id":"https:\/\/www.viager-equilibre.lu\/lb-lu\/#website","url":"https:\/\/www.viager-equilibre.lu\/lb-lu\/","name":"Equilibr\u00e9iert Liewensrente","description":"Liewensrente Spezialist am G.D vu L\u00ebtzebuerg","publisher":{"@id":"https:\/\/www.viager-equilibre.lu\/lb-lu\/#organization"},"potentialAction":[{"@type":"SearchAction","target":{"@type":"EntryPoint","urlTemplate":"https:\/\/www.viager-equilibre.lu\/lb-lu\/?s={search_term_string}"},"query-input":{"@type":"PropertyValueSpecification","valueRequired":true,"valueName":"search_term_string"}}],"inLanguage":"lb-LU"},{"@type":"Organization","@id":"https:\/\/www.viager-equilibre.lu\/lb-lu\/#organization","name":"Equilibr\u00e9iert Liewensrente","url":"https:\/\/www.viager-equilibre.lu\/lb-lu\/","logo":{"@type":"ImageObject","inLanguage":"lb-LU","@id":"https:\/\/www.viager-equilibre.lu\/lb-lu\/#\/schema\/logo\/image\/","url":"https:\/\/www.viager-equilibre.lu\/wp-content\/uploads\/2026\/03\/logo.png","contentUrl":"https:\/\/www.viager-equilibre.lu\/wp-content\/uploads\/2026\/03\/logo.png","width":300,"height":105,"caption":"Equilibr\u00e9iert Liewensrente"},"image":{"@id":"https:\/\/www.viager-equilibre.lu\/lb-lu\/#\/schema\/logo\/image\/"}}]}},"_links":{"self":[{"href":"https:\/\/www.viager-equilibre.lu\/lb-lu\/wp-json\/wp\/v2\/pages\/13288","targetHints":{"allow":["GET"]}}],"collection":[{"href":"https:\/\/www.viager-equilibre.lu\/lb-lu\/wp-json\/wp\/v2\/pages"}],"about":[{"href":"https:\/\/www.viager-equilibre.lu\/lb-lu\/wp-json\/wp\/v2\/types\/page"}],"author":[{"embeddable":true,"href":"https:\/\/www.viager-equilibre.lu\/lb-lu\/wp-json\/wp\/v2\/users\/1"}],"replies":[{"embeddable":true,"href":"https:\/\/www.viager-equilibre.lu\/lb-lu\/wp-json\/wp\/v2\/comments?post=13288"}],"version-history":[{"count":0,"href":"https:\/\/www.viager-equilibre.lu\/lb-lu\/wp-json\/wp\/v2\/pages\/13288\/revisions"}],"wp:attachment":[{"href":"https:\/\/www.viager-equilibre.lu\/lb-lu\/wp-json\/wp\/v2\/media?parent=13288"}],"curies":[{"name":"wp","href":"https:\/\/api.w.org\/{rel}","templated":true}]}}