{"id":13292,"date":"2019-01-16T15:21:21","date_gmt":"2019-01-16T15:21:21","guid":{"rendered":"https:\/\/www.viager-equilibre.lu\/all-rotschlei-fir-eng-liewensrente-ze-verkafen-oder-ze-kafen\/"},"modified":"2019-01-16T15:21:21","modified_gmt":"2019-01-16T15:21:21","slug":"all-rotschlei-fir-eng-liewensrente-ze-verkafen-oder-ze-kafen","status":"publish","type":"page","link":"https:\/\/www.viager-equilibre.lu\/lb-lu\/all-rotschlei-fir-eng-liewensrente-ze-verkafen-oder-ze-kafen\/","title":{"rendered":"All Rotschl\u00e9i fir eng Liewensrente ze verkafen oder ze kafen?"},"content":{"rendered":"<h2>SINN DIR E VERK\u00c4FFER VUN ENGEM LIEWENSRENTE?<\/h2>\n<h3>1. WIE KANN AN LIEWENSRENTE VERKAFEN?<\/h3>\n<ul>\n<li>Sidd den eenzege Bes\u00ebtzer vun der Immobilie<\/li>\n<li>Sidd op d&#8217;mannst 60 Joer al<\/li>\n<li>Sidd a voller Bes\u00ebtz vun \u00c4ren intellektuellen M\u00ebttelen<\/li>\n<\/ul>\n<h3>2. FIRWAT VERKAUF AN LIEWENSRENTE?<\/h3>\n<ul>\n<li>Fir \u00c4r Pensioun ze verbesseren<\/li>\n<li>Ofh\u00e4ngegkeet ze finanz\u00e9ieren<\/li>\n<li>Senger Fra, senger Famill ze h\u00ebllefen<\/li>\n<li>Fir \u00c4r Scholden ze regelen<\/li>\n<li>Fir besser ze liewen (Reesen, k\u00ebmmere sech \u00ebm Iech selwer, Sport spillen, asw.)<\/li>\n<\/ul>\n<h3>3. WEI VERKAUF AN LIEWENSRENTE?<\/h3>\n<ul>\n<li>Hutt \u00c4re Liewensrente Verkafsprojet stud\u00e9iert bas\u00e9iert op all \u00c4re Crit\u00e8ren a Bedierfnesser<\/li>\n<li>Akzept\u00e9iert eng realistesch Berechnung d\u00e9i den effektiven Verkaf an engem schmuele Maart erlaabt, well Honnerte vu Liewensannuit\u00e9iten net verkafen w\u00e9inst enger falscher Berechnung d\u00e9i all potenziell Keefer dissuad\u00e9ieren.<\/li>\n<\/ul>\n<h3>4. VIRSCHLOEN ZE NEMEN A FALLEN ZE VERMEIDEN:<\/h3>\n<ul>\n<li>Vertrau n\u00ebmmen en erfuerene an unerkannten Spezialist am Liewensrenteverkaaf<\/li>\n<li>Vertrau net jidderengem deen dech mat onrealistesche Berechnungen f\u00e4llt an deen dech dacks verl\u00e9isst fir mat \u00c4ren Dreem duerchzekommen<\/li>\n<li>Sidd virsiichteg vu Generalisten, well d&#8217;Liewensannuit\u00e9it technesch, juristesch, finanziell a kommerziell ass (fir Informatioun g\u00ebtt et ongef\u00e9ier eng Liewensannuit\u00e9it pro Joer pro Notaire verkaaft!)<\/li>\n<\/ul>\n<h4>FAZIT :<\/h4>\n<p><strong>D&#8217;Liewensrente, eng Verkafsformel d\u00e9i scho bekannt ass fir d&#8217;Gallo R\u00e9imer, ass en onvergl\u00e4ichlechen Hiewel fir R\u00e4ichtum ze kre\u00e9ieren an eng vun den innovative L\u00e9isunge fir d\u00e9i direkt Pensioun vu Verkeefer an d\u00e9i zuk\u00fcnfteg Pensioun vu Keefer ze finanz\u00e9ieren.<\/strong><\/p>\n<h2>SINN DIR E KEEfER VUN ENGER LIEWENSRENTE?<\/h2>\n<h3>1. WIE K\u00cbNNT AN LIEWENSRENTE KEEFT ?<\/h3>\n<ul>\n<li>Kaaft vu Verkeefer vu ronn fofz\u00e9ng Joer, mat e puer Ausnahmen<\/li>\n<li>K\u00ebnnen de Bouquet ze finanz\u00e9ieren (boer bezuelt op Kaf) a K\u00e4schten aus eegene Fongen<\/li>\n<li>K\u00ebnnen d&#8217;Bezuelung vun enger Renten op enger widderhuelender Basis garant\u00e9ieren<\/li>\n<\/ul>\n<h3>2. FIRWAT ENG LIEWENSRENTE KEEFT\u00a0?<\/h3>\n<ul>\n<li>Fir an Immobilien ze invest\u00e9ieren ouni Banken ze benotzen (kaaft ouni finanziellen Interessi)<\/li>\n<li>Fir \u00c4r zuk\u00fcnfteg Pensioun duerch Kapitalis\u00e9ierung virzebereeden an \u00c4r Famill ze sch\u00fctzen andeems Dir Immobilien Verm\u00e9igen zu niddrege K\u00e4schten opbaut (besat Liewensrente)<\/li>\n<li>Fir eng Immobilieinvestitioun zu engem besonnesch attraktiven Netto-Rendement ze kr\u00e9ien<\/li>\n<li>Fir eng Immobilieinvestitioun ze maachen d\u00e9i net \u00ebnner Steiergesetzer \u00ebnnerleien (et ass also e richtegt Steierparad\u00e4is!)<\/li>\n<\/ul>\n<h3>3. W\u00c9I AN LIEWENSRENTE KEEFT?<\/h3>\n<ul>\n<li>Sidd opportunistesch a reaktiv<\/li>\n<li>Monitor de Verkaf op professionnelle Webs\u00e4iten (manner w\u00e9i z\u00e9ng a L\u00ebtzebuerg)<\/li>\n<li>Limit\u00e9iert Iech net op \u00c4r eege Sichkriterien fir d&#8217;Aart vun Immobilie, well d&#8217;Liewensrente e finanziellt Produkt ass op enger Immobilie \u00cbnnerst\u00ebtzung an d\u00e4r Dir w\u00e9ineg Chance hutt ze liewen.<\/li>\n<li>Hutt keng perempt\u00e4r S\u00e9cherheet, dacks ouni Beweis gepecht, w\u00e9i:\n<ul>\n<li>Dir musst vu ganz alen Verkeefer kafen (kuckt meng TGV Theorie)<\/li>\n<li>Dir musst eng gratis Liewensrente kafen fir se als Investitioun ze lounen<\/li>\n<li>D\u00e9i besat Liewensrente ass keng gutt Investitioun<\/li>\n<li>Et ass besser eng sch\u00e9i Liewensannuit\u00e9it ze kafen d\u00e9i ech g\u00e4r hunn anstatt dr\u00e4i kleng Liewensannuit\u00e9iten.<\/li>\n<\/ul>\n<\/li>\n<\/ul>\n<h3>4. VIRSCHLOEN ZE NEMEN A FALLEN ZE VERMEIDEN:<\/h3>\n<ul>\n<li>Vertrauen Liewensrente Professionnelen, d\u00e9i z\u00ebnter ville Joeren etabl\u00e9iert sinn, d\u00e9i eleng all d\u00e9i gesetzlech Falen a fantastesch Berechnunge k\u00ebnne vermeiden, d\u00e9i vun e puer propos\u00e9iert ginn.<\/li>\n<\/ul>\n<h4>FAZIT:<\/h4>\n<p><strong>D&#8217;Liewensrente, eng Verkafsformel d\u00e9i scho bekannt ass fir d&#8217;Gallo R\u00e9imer, ass en onvergl\u00e4ichlechen Hiewel fir R\u00e4ichtum ze kre\u00e9ieren an eng vun den innovative L\u00e9isunge fir d\u00e9i direkt Pensioun vu Verkeefer an d\u00e9i zuk\u00fcnfteg Pensioun vu Keefer ze finanz\u00e9ieren.<\/strong><\/p>\n<p>&nbsp;<\/p>\n<p><strong>Francoise KAMGAING<br \/>\niewensrente Expert Beroder bei GDL<br \/>\n+352 691 715 622<br \/>\nE-mail : info@viager-equilibre.lu<\/strong><\/p>\n","protected":false},"excerpt":{"rendered":"<p>SINN DIR E VERK\u00c4FFER VUN ENGEM LIEWENSRENTE? 1. WIE KANN AN LIEWENSRENTE VERKAFEN? Sidd den eenzege Bes\u00ebtzer vun der Immobilie Sidd op d&#8217;mannst 60 Joer al Sidd a voller Bes\u00ebtz vun \u00c4ren intellektuellen M\u00ebttelen 2. FIRWAT VERKAUF AN LIEWENSRENTE? Fir \u00c4r Pensioun ze verbesseren Ofh\u00e4ngegkeet ze finanz\u00e9ieren Senger Fra, senger Famill ze h\u00ebllefen Fir \u00c4r&#8230;<\/p>\n","protected":false},"author":1,"featured_media":0,"parent":0,"menu_order":0,"comment_status":"closed","ping_status":"closed","template":"","meta":{"footnotes":""},"class_list":["post-13292","page","type-page","status-publish","hentry"],"yoast_head":"<!-- This site is optimized with the Yoast SEO plugin v27.5 - https:\/\/yoast.com\/product\/yoast-seo-wordpress\/ -->\n<title>All Rotschl\u00e9i fir eng Liewensrente ze verkafen oder ze kafen? - Equilibr\u00e9iert Liewensrente<\/title>\n<meta name=\"robots\" content=\"index, follow, max-snippet:-1, max-image-preview:large, max-video-preview:-1\" \/>\n<link rel=\"canonical\" href=\"https:\/\/www.viager-equilibre.lu\/lb-lu\/all-rotschlei-fir-eng-liewensrente-ze-verkafen-oder-ze-kafen\/\" \/>\n<meta property=\"og:locale\" content=\"en_US\" \/>\n<meta property=\"og:type\" content=\"article\" \/>\n<meta property=\"og:title\" content=\"All Rotschl\u00e9i fir eng Liewensrente ze verkafen oder ze kafen? - Equilibr\u00e9iert Liewensrente\" \/>\n<meta property=\"og:description\" content=\"SINN DIR E VERK\u00c4FFER VUN ENGEM LIEWENSRENTE? 1. WIE KANN AN LIEWENSRENTE VERKAFEN? Sidd den eenzege Bes\u00ebtzer vun der Immobilie Sidd op d&#8217;mannst 60 Joer al Sidd a voller Bes\u00ebtz vun \u00c4ren intellektuellen M\u00ebttelen 2. FIRWAT VERKAUF AN LIEWENSRENTE? Fir \u00c4r Pensioun ze verbesseren Ofh\u00e4ngegkeet ze finanz\u00e9ieren Senger Fra, senger Famill ze h\u00ebllefen Fir \u00c4r...\" \/>\n<meta property=\"og:url\" content=\"https:\/\/www.viager-equilibre.lu\/lb-lu\/all-rotschlei-fir-eng-liewensrente-ze-verkafen-oder-ze-kafen\/\" \/>\n<meta property=\"og:site_name\" content=\"Equilibr\u00e9iert Liewensrente\" \/>\n<meta name=\"twitter:card\" content=\"summary_large_image\" \/>\n<meta name=\"twitter:label1\" content=\"Est. reading time\" \/>\n\t<meta name=\"twitter:data1\" content=\"3 minutes\" \/>\n<script type=\"application\/ld+json\" class=\"yoast-schema-graph\">{\"@context\":\"https:\\\/\\\/schema.org\",\"@graph\":[{\"@type\":\"WebPage\",\"@id\":\"https:\\\/\\\/www.viager-equilibre.lu\\\/lb-lu\\\/all-rotschlei-fir-eng-liewensrente-ze-verkafen-oder-ze-kafen\\\/\",\"url\":\"https:\\\/\\\/www.viager-equilibre.lu\\\/lb-lu\\\/all-rotschlei-fir-eng-liewensrente-ze-verkafen-oder-ze-kafen\\\/\",\"name\":\"All Rotschl\u00e9i fir eng Liewensrente ze verkafen oder ze kafen? - Equilibr\u00e9iert Liewensrente\",\"isPartOf\":{\"@id\":\"https:\\\/\\\/www.viager-equilibre.lu\\\/lb-lu\\\/#website\"},\"datePublished\":\"2019-01-16T15:21:21+00:00\",\"breadcrumb\":{\"@id\":\"https:\\\/\\\/www.viager-equilibre.lu\\\/lb-lu\\\/all-rotschlei-fir-eng-liewensrente-ze-verkafen-oder-ze-kafen\\\/#breadcrumb\"},\"inLanguage\":\"lb-LU\",\"potentialAction\":[{\"@type\":\"ReadAction\",\"target\":[\"https:\\\/\\\/www.viager-equilibre.lu\\\/lb-lu\\\/all-rotschlei-fir-eng-liewensrente-ze-verkafen-oder-ze-kafen\\\/\"]}]},{\"@type\":\"BreadcrumbList\",\"@id\":\"https:\\\/\\\/www.viager-equilibre.lu\\\/lb-lu\\\/all-rotschlei-fir-eng-liewensrente-ze-verkafen-oder-ze-kafen\\\/#breadcrumb\",\"itemListElement\":[{\"@type\":\"ListItem\",\"position\":1,\"name\":\"W\u00ebllkomm\",\"item\":\"https:\\\/\\\/www.viager-equilibre.lu\\\/lb-lu\\\/\"},{\"@type\":\"ListItem\",\"position\":2,\"name\":\"All Rotschl\u00e9i fir eng Liewensrente ze verkafen oder ze kafen?\"}]},{\"@type\":\"WebSite\",\"@id\":\"https:\\\/\\\/www.viager-equilibre.lu\\\/lb-lu\\\/#website\",\"url\":\"https:\\\/\\\/www.viager-equilibre.lu\\\/lb-lu\\\/\",\"name\":\"Equilibr\u00e9iert Liewensrente\",\"description\":\"Liewensrente Spezialist am G.D vu L\u00ebtzebuerg\",\"publisher\":{\"@id\":\"https:\\\/\\\/www.viager-equilibre.lu\\\/lb-lu\\\/#organization\"},\"potentialAction\":[{\"@type\":\"SearchAction\",\"target\":{\"@type\":\"EntryPoint\",\"urlTemplate\":\"https:\\\/\\\/www.viager-equilibre.lu\\\/lb-lu\\\/?s={search_term_string}\"},\"query-input\":{\"@type\":\"PropertyValueSpecification\",\"valueRequired\":true,\"valueName\":\"search_term_string\"}}],\"inLanguage\":\"lb-LU\"},{\"@type\":\"Organization\",\"@id\":\"https:\\\/\\\/www.viager-equilibre.lu\\\/lb-lu\\\/#organization\",\"name\":\"Equilibr\u00e9iert Liewensrente\",\"url\":\"https:\\\/\\\/www.viager-equilibre.lu\\\/lb-lu\\\/\",\"logo\":{\"@type\":\"ImageObject\",\"inLanguage\":\"lb-LU\",\"@id\":\"https:\\\/\\\/www.viager-equilibre.lu\\\/lb-lu\\\/#\\\/schema\\\/logo\\\/image\\\/\",\"url\":\"https:\\\/\\\/www.viager-equilibre.lu\\\/wp-content\\\/uploads\\\/2026\\\/03\\\/logo.png\",\"contentUrl\":\"https:\\\/\\\/www.viager-equilibre.lu\\\/wp-content\\\/uploads\\\/2026\\\/03\\\/logo.png\",\"width\":300,\"height\":105,\"caption\":\"Equilibr\u00e9iert Liewensrente\"},\"image\":{\"@id\":\"https:\\\/\\\/www.viager-equilibre.lu\\\/lb-lu\\\/#\\\/schema\\\/logo\\\/image\\\/\"}}]}<\/script>\n<!-- \/ Yoast SEO plugin. -->","yoast_head_json":{"title":"All Rotschl\u00e9i fir eng Liewensrente ze verkafen oder ze kafen? - Equilibr\u00e9iert Liewensrente","robots":{"index":"index","follow":"follow","max-snippet":"max-snippet:-1","max-image-preview":"max-image-preview:large","max-video-preview":"max-video-preview:-1"},"canonical":"https:\/\/www.viager-equilibre.lu\/lb-lu\/all-rotschlei-fir-eng-liewensrente-ze-verkafen-oder-ze-kafen\/","og_locale":"en_US","og_type":"article","og_title":"All Rotschl\u00e9i fir eng Liewensrente ze verkafen oder ze kafen? - Equilibr\u00e9iert Liewensrente","og_description":"SINN DIR E VERK\u00c4FFER VUN ENGEM LIEWENSRENTE? 1. WIE KANN AN LIEWENSRENTE VERKAFEN? Sidd den eenzege Bes\u00ebtzer vun der Immobilie Sidd op d&#8217;mannst 60 Joer al Sidd a voller Bes\u00ebtz vun \u00c4ren intellektuellen M\u00ebttelen 2. FIRWAT VERKAUF AN LIEWENSRENTE? Fir \u00c4r Pensioun ze verbesseren Ofh\u00e4ngegkeet ze finanz\u00e9ieren Senger Fra, senger Famill ze h\u00ebllefen Fir \u00c4r...","og_url":"https:\/\/www.viager-equilibre.lu\/lb-lu\/all-rotschlei-fir-eng-liewensrente-ze-verkafen-oder-ze-kafen\/","og_site_name":"Equilibr\u00e9iert Liewensrente","twitter_card":"summary_large_image","twitter_misc":{"Est. reading time":"3 minutes"},"schema":{"@context":"https:\/\/schema.org","@graph":[{"@type":"WebPage","@id":"https:\/\/www.viager-equilibre.lu\/lb-lu\/all-rotschlei-fir-eng-liewensrente-ze-verkafen-oder-ze-kafen\/","url":"https:\/\/www.viager-equilibre.lu\/lb-lu\/all-rotschlei-fir-eng-liewensrente-ze-verkafen-oder-ze-kafen\/","name":"All Rotschl\u00e9i fir eng Liewensrente ze verkafen oder ze kafen? - Equilibr\u00e9iert Liewensrente","isPartOf":{"@id":"https:\/\/www.viager-equilibre.lu\/lb-lu\/#website"},"datePublished":"2019-01-16T15:21:21+00:00","breadcrumb":{"@id":"https:\/\/www.viager-equilibre.lu\/lb-lu\/all-rotschlei-fir-eng-liewensrente-ze-verkafen-oder-ze-kafen\/#breadcrumb"},"inLanguage":"lb-LU","potentialAction":[{"@type":"ReadAction","target":["https:\/\/www.viager-equilibre.lu\/lb-lu\/all-rotschlei-fir-eng-liewensrente-ze-verkafen-oder-ze-kafen\/"]}]},{"@type":"BreadcrumbList","@id":"https:\/\/www.viager-equilibre.lu\/lb-lu\/all-rotschlei-fir-eng-liewensrente-ze-verkafen-oder-ze-kafen\/#breadcrumb","itemListElement":[{"@type":"ListItem","position":1,"name":"W\u00ebllkomm","item":"https:\/\/www.viager-equilibre.lu\/lb-lu\/"},{"@type":"ListItem","position":2,"name":"All Rotschl\u00e9i fir eng Liewensrente ze verkafen oder ze kafen?"}]},{"@type":"WebSite","@id":"https:\/\/www.viager-equilibre.lu\/lb-lu\/#website","url":"https:\/\/www.viager-equilibre.lu\/lb-lu\/","name":"Equilibr\u00e9iert Liewensrente","description":"Liewensrente Spezialist am G.D vu L\u00ebtzebuerg","publisher":{"@id":"https:\/\/www.viager-equilibre.lu\/lb-lu\/#organization"},"potentialAction":[{"@type":"SearchAction","target":{"@type":"EntryPoint","urlTemplate":"https:\/\/www.viager-equilibre.lu\/lb-lu\/?s={search_term_string}"},"query-input":{"@type":"PropertyValueSpecification","valueRequired":true,"valueName":"search_term_string"}}],"inLanguage":"lb-LU"},{"@type":"Organization","@id":"https:\/\/www.viager-equilibre.lu\/lb-lu\/#organization","name":"Equilibr\u00e9iert Liewensrente","url":"https:\/\/www.viager-equilibre.lu\/lb-lu\/","logo":{"@type":"ImageObject","inLanguage":"lb-LU","@id":"https:\/\/www.viager-equilibre.lu\/lb-lu\/#\/schema\/logo\/image\/","url":"https:\/\/www.viager-equilibre.lu\/wp-content\/uploads\/2026\/03\/logo.png","contentUrl":"https:\/\/www.viager-equilibre.lu\/wp-content\/uploads\/2026\/03\/logo.png","width":300,"height":105,"caption":"Equilibr\u00e9iert Liewensrente"},"image":{"@id":"https:\/\/www.viager-equilibre.lu\/lb-lu\/#\/schema\/logo\/image\/"}}]}},"_links":{"self":[{"href":"https:\/\/www.viager-equilibre.lu\/lb-lu\/wp-json\/wp\/v2\/pages\/13292","targetHints":{"allow":["GET"]}}],"collection":[{"href":"https:\/\/www.viager-equilibre.lu\/lb-lu\/wp-json\/wp\/v2\/pages"}],"about":[{"href":"https:\/\/www.viager-equilibre.lu\/lb-lu\/wp-json\/wp\/v2\/types\/page"}],"author":[{"embeddable":true,"href":"https:\/\/www.viager-equilibre.lu\/lb-lu\/wp-json\/wp\/v2\/users\/1"}],"replies":[{"embeddable":true,"href":"https:\/\/www.viager-equilibre.lu\/lb-lu\/wp-json\/wp\/v2\/comments?post=13292"}],"version-history":[{"count":0,"href":"https:\/\/www.viager-equilibre.lu\/lb-lu\/wp-json\/wp\/v2\/pages\/13292\/revisions"}],"wp:attachment":[{"href":"https:\/\/www.viager-equilibre.lu\/lb-lu\/wp-json\/wp\/v2\/media?parent=13292"}],"curies":[{"name":"wp","href":"https:\/\/api.w.org\/{rel}","templated":true}]}}