{"id":13351,"date":"2019-01-16T14:59:09","date_gmt":"2019-01-16T14:59:09","guid":{"rendered":"https:\/\/www.viager-equilibre.lu\/verkaufen-oder-kaafen-an-liewensrente\/"},"modified":"2019-01-16T14:59:09","modified_gmt":"2019-01-16T14:59:09","slug":"verkaufen-oder-kaafen-an-liewensrente","status":"publish","type":"page","link":"https:\/\/www.viager-equilibre.lu\/lb-lu\/verkaufen-oder-kaafen-an-liewensrente\/","title":{"rendered":"VERKAUFEN oder KAAFEN an LIEWENSRENTE?"},"content":{"rendered":"<header class=\"post-header\">\n<h3 class=\"post-title\">D&#8217;LIEWENSRENTE erlaabt :<\/h3>\n<\/header>\n<div class=\"post-content clearfix\">\n<div class=\"vc_row wpb_row vc_row-fluid\">\n<div class=\"wpb_column vc_column_container vc_col-sm-12\">\n<div class=\"vc_column-inner\">\n<div class=\"wpb_wrapper\">\n<div class=\"wpb_text_column wpb_content_element\">\n<div class=\"wpb_wrapper\">\n<p>Et ass un eeler Leit, sou friddlech w\u00e9i m\u00e9iglech ze altern\u00e9ieren andeems se hir Immobilieverm\u00e9igen optimis\u00e9ieren an ausnotzen, an engem Wuert, andeems se sech Ierf.<\/p>\n<p>Investisseuren k\u00ebnnen hir Zukunft an d\u00e9i vun hirer Famill s\u00e9cheren andeems se Immobilieverm\u00e9igen opbauen, d\u00e9i vu Steiergesetzer gesch\u00fctzt sinn.<\/p>\n<p>An dat, duerch eng gutt verstanen finanziell Ber\u00e4icherung t\u00ebscht zwou Generatiounen.<\/p>\n<p><strong>Fazit<\/strong><\/p>\n<p>De Verkaf oder de Kaf vun Immobilien \u00ebnner enger Liewensrente ass eng Saach fir e Spezialist oder Expert an d\u00ebsem Ber\u00e4ich well eng Liewensrente grouss technesch F\u00e4egkeeten an Erfahrung erfuerdert:<\/p>\n<ul>\n<li>legal,<\/li>\n<li>wirtschaftlech<\/li>\n<li>Finanziell, och<\/li>\n<li>Dat eng irreplaceable kommerziell Praxis an Erfahrung<\/li>\n<\/ul>\n<p>An d\u00ebst, fir d\u00e9i geplangte Liewensrente ze realis\u00e9ieren (effektiv eng besat oder fr\u00e4i Liewensrente ze verkafen oder ze kafen) an net iwwer eng hypothetesch Liewensannuit\u00e9it mat onrealisteschen an onerreechbaren Zuelen ze dreemen.<br \/>\nTats\u00e4chlech huet keen d&#8217;Wourecht fir e realistescht an erreechbar Liewensrenterecht ze bew\u00e4erten an n\u00ebmmen e Liewensrentespezialist kann Iech am Beschten Interesse beroden.<\/p>\n<\/div>\n<\/div>\n<div class=\"wpb_text_column wpb_content_element\">\n<div class=\"wpb_wrapper\">\n<h2 align=\"center\">Investisseuren: Firwat eng besat Liewensrente kafen?<\/h2>\n<p>Et ass e finanziellen Hiewel, deen de Kaf vun Immobilien op ongef\u00e9ier 50 bis 60% vu sengem W\u00e4ert erlaabt mat engem Risiko, deen der Liewensdauer vum Verkeefer entspr\u00e9cht, deen statistesch gesinn perfekt neutralis\u00e9iert ka ginn duerch de Kaf vu verschiddene Liewensannuit\u00e9iten.<\/p>\n<p>D\u00ebs Investitioun ass och e richtegt Steierparad\u00e4is, net \u00ebnnerleien un engem Steiergesetz dat retroaktiv an der Natur ka sinn.<br \/>\nD\u00e9i besat Liewensrente ass ausserdeem e perfekt ges\u00e9cherten Immobiliekaaf aus der Siicht vun der Nettorentabilit\u00e9it an der Nettow\u00e4ertung, duerch eng Sch\u00e4tzung vum Verkafspr\u00e4is vun der Immobilie, d\u00e9i genee sengem Nettomaartw\u00e4ert entspr\u00e9cht ouni et mat Kumulativen ze bezuelen. zous\u00e4tzlech K\u00e4schten (Notaire an Hypoth\u00e9iksk\u00e4schten, Bewerbungsgeb\u00fchren, Gestiouns- an Installatiounsk\u00e4schte fir den \u00e9ischte Locataire, asw. a best\u00ebmmte Steiernischen). D\u00ebs K\u00e4schte beaflossen souwuel d&#8217;j\u00e4hrlech Netto Rentabilit\u00e9it vunn vun der Investitioun w\u00e9i och s\u00e4in Netto Kapitalgew\u00ebnn am Fall vum Verkaf.<\/p>\n<p>Selbstverst\u00e4ndlech muss d&#8217;Wiel fir d\u00e9i besat Liewensrente ze kafen no objektive Krit\u00e4re gemaach ginn, w\u00e9i d&#8217;Plaz vun der kaaft Immobilie, d&#8217;Aart vun der Immobilie, seng Fl\u00e4ch, seng Zoustand, asw.<\/p>\n<p>Tats\u00e4chlech ass eng finanziell Investitioun e pr\u00e4zis rationalen Objektiv an et sch\u00e9ngt net raisonnabel aner dacks subjektiv Wiel Crit\u00e8ren derb\u00e4i ze ginn, d\u00e9i Iech vun \u00c4rem eenzegen Zil oflenken: e bedeitende M\u00e9iw\u00e4ert ze kr\u00e9ien, net vun K\u00e4schten an Ausgaben Steier (d&#8217;Immobilie Kapital) Gew\u00ebnn ass befreit vu Steier no 15 Joer Bes\u00ebtz) w\u00e4rend se s\u00e9cher sinn.<\/p>\n<p>De Kaf vun enger besat Liewensrente ass also eng steierfr\u00e4i finanziell Investitioun, op enger Immobilien \u00cbnnerst\u00ebtzung d\u00e9i finanziell Leverage mat der S\u00e9cherheet vun enger Immobilieinvestitioun kombin\u00e9iert.<\/p>\n<p>N\u00ebmmen en erfuerene Techniker, deen z\u00ebnter ville Joeren an d\u00ebsem Ber\u00e4ich ass, kann Iech seng Virdeeler erkl\u00e4ren.<\/p>\n<p>Kontakt\u00e9iert eis fir doriwwer ze schw\u00e4tzen oder Iech d&#8217;Liewensrente virzestellen d\u00e9i Iech passt &#8230;<\/p>\n<\/div>\n<\/div>\n<\/div>\n<\/div>\n<\/div>\n<\/div>\n<\/div>\n","protected":false},"excerpt":{"rendered":"<p>D&#8217;LIEWENSRENTE erlaabt : Et ass un eeler Leit, sou friddlech w\u00e9i m\u00e9iglech ze altern\u00e9ieren andeems se hir Immobilieverm\u00e9igen optimis\u00e9ieren an ausnotzen, an engem Wuert, andeems se sech Ierf. Investisseuren k\u00ebnnen hir Zukunft an d\u00e9i vun hirer Famill s\u00e9cheren andeems se Immobilieverm\u00e9igen opbauen, d\u00e9i vu Steiergesetzer gesch\u00fctzt sinn. An dat, duerch eng gutt verstanen finanziell Ber\u00e4icherung&#8230;<\/p>\n","protected":false},"author":1,"featured_media":0,"parent":0,"menu_order":0,"comment_status":"closed","ping_status":"closed","template":"","meta":{"footnotes":""},"class_list":["post-13351","page","type-page","status-publish","hentry"],"yoast_head":"<!-- This site is optimized with the Yoast SEO plugin v27.4 - https:\/\/yoast.com\/product\/yoast-seo-wordpress\/ -->\n<title>VERKAUFEN oder KAAFEN an LIEWENSRENTE? - Equilibr\u00e9iert Liewensrente<\/title>\n<meta name=\"robots\" content=\"index, follow, max-snippet:-1, max-image-preview:large, max-video-preview:-1\" \/>\n<link rel=\"canonical\" href=\"https:\/\/www.viager-equilibre.lu\/lb-lu\/verkaufen-oder-kaafen-an-liewensrente\/\" \/>\n<meta property=\"og:locale\" content=\"en_US\" \/>\n<meta property=\"og:type\" content=\"article\" \/>\n<meta property=\"og:title\" content=\"VERKAUFEN oder KAAFEN an LIEWENSRENTE? - Equilibr\u00e9iert Liewensrente\" \/>\n<meta property=\"og:description\" content=\"D&#8217;LIEWENSRENTE erlaabt : Et ass un eeler Leit, sou friddlech w\u00e9i m\u00e9iglech ze altern\u00e9ieren andeems se hir Immobilieverm\u00e9igen optimis\u00e9ieren an ausnotzen, an engem Wuert, andeems se sech Ierf. Investisseuren k\u00ebnnen hir Zukunft an d\u00e9i vun hirer Famill s\u00e9cheren andeems se Immobilieverm\u00e9igen opbauen, d\u00e9i vu Steiergesetzer gesch\u00fctzt sinn. An dat, duerch eng gutt verstanen finanziell Ber\u00e4icherung...\" \/>\n<meta property=\"og:url\" content=\"https:\/\/www.viager-equilibre.lu\/lb-lu\/verkaufen-oder-kaafen-an-liewensrente\/\" \/>\n<meta property=\"og:site_name\" content=\"Equilibr\u00e9iert Liewensrente\" \/>\n<meta name=\"twitter:card\" content=\"summary_large_image\" \/>\n<meta name=\"twitter:label1\" content=\"Est. reading time\" \/>\n\t<meta name=\"twitter:data1\" content=\"3 minutes\" \/>\n<script type=\"application\/ld+json\" class=\"yoast-schema-graph\">{\"@context\":\"https:\\\/\\\/schema.org\",\"@graph\":[{\"@type\":\"WebPage\",\"@id\":\"https:\\\/\\\/www.viager-equilibre.lu\\\/lb-lu\\\/verkaufen-oder-kaafen-an-liewensrente\\\/\",\"url\":\"https:\\\/\\\/www.viager-equilibre.lu\\\/lb-lu\\\/verkaufen-oder-kaafen-an-liewensrente\\\/\",\"name\":\"VERKAUFEN oder KAAFEN an LIEWENSRENTE? - Equilibr\u00e9iert Liewensrente\",\"isPartOf\":{\"@id\":\"https:\\\/\\\/www.viager-equilibre.lu\\\/lb-lu\\\/#website\"},\"datePublished\":\"2019-01-16T14:59:09+00:00\",\"breadcrumb\":{\"@id\":\"https:\\\/\\\/www.viager-equilibre.lu\\\/lb-lu\\\/verkaufen-oder-kaafen-an-liewensrente\\\/#breadcrumb\"},\"inLanguage\":\"lb-LU\",\"potentialAction\":[{\"@type\":\"ReadAction\",\"target\":[\"https:\\\/\\\/www.viager-equilibre.lu\\\/lb-lu\\\/verkaufen-oder-kaafen-an-liewensrente\\\/\"]}]},{\"@type\":\"BreadcrumbList\",\"@id\":\"https:\\\/\\\/www.viager-equilibre.lu\\\/lb-lu\\\/verkaufen-oder-kaafen-an-liewensrente\\\/#breadcrumb\",\"itemListElement\":[{\"@type\":\"ListItem\",\"position\":1,\"name\":\"W\u00ebllkomm\",\"item\":\"https:\\\/\\\/www.viager-equilibre.lu\\\/lb-lu\\\/\"},{\"@type\":\"ListItem\",\"position\":2,\"name\":\"VERKAUFEN oder KAAFEN an LIEWENSRENTE?\"}]},{\"@type\":\"WebSite\",\"@id\":\"https:\\\/\\\/www.viager-equilibre.lu\\\/lb-lu\\\/#website\",\"url\":\"https:\\\/\\\/www.viager-equilibre.lu\\\/lb-lu\\\/\",\"name\":\"Equilibr\u00e9iert Liewensrente\",\"description\":\"Liewensrente Spezialist am G.D vu L\u00ebtzebuerg\",\"publisher\":{\"@id\":\"https:\\\/\\\/www.viager-equilibre.lu\\\/lb-lu\\\/#organization\"},\"potentialAction\":[{\"@type\":\"SearchAction\",\"target\":{\"@type\":\"EntryPoint\",\"urlTemplate\":\"https:\\\/\\\/www.viager-equilibre.lu\\\/lb-lu\\\/?s={search_term_string}\"},\"query-input\":{\"@type\":\"PropertyValueSpecification\",\"valueRequired\":true,\"valueName\":\"search_term_string\"}}],\"inLanguage\":\"lb-LU\"},{\"@type\":\"Organization\",\"@id\":\"https:\\\/\\\/www.viager-equilibre.lu\\\/lb-lu\\\/#organization\",\"name\":\"Equilibr\u00e9iert Liewensrente\",\"url\":\"https:\\\/\\\/www.viager-equilibre.lu\\\/lb-lu\\\/\",\"logo\":{\"@type\":\"ImageObject\",\"inLanguage\":\"lb-LU\",\"@id\":\"https:\\\/\\\/www.viager-equilibre.lu\\\/lb-lu\\\/#\\\/schema\\\/logo\\\/image\\\/\",\"url\":\"https:\\\/\\\/www.viager-equilibre.lu\\\/wp-content\\\/uploads\\\/2026\\\/03\\\/logo.png\",\"contentUrl\":\"https:\\\/\\\/www.viager-equilibre.lu\\\/wp-content\\\/uploads\\\/2026\\\/03\\\/logo.png\",\"width\":300,\"height\":105,\"caption\":\"Equilibr\u00e9iert Liewensrente\"},\"image\":{\"@id\":\"https:\\\/\\\/www.viager-equilibre.lu\\\/lb-lu\\\/#\\\/schema\\\/logo\\\/image\\\/\"}}]}<\/script>\n<!-- \/ Yoast SEO plugin. -->","yoast_head_json":{"title":"VERKAUFEN oder KAAFEN an LIEWENSRENTE? - Equilibr\u00e9iert Liewensrente","robots":{"index":"index","follow":"follow","max-snippet":"max-snippet:-1","max-image-preview":"max-image-preview:large","max-video-preview":"max-video-preview:-1"},"canonical":"https:\/\/www.viager-equilibre.lu\/lb-lu\/verkaufen-oder-kaafen-an-liewensrente\/","og_locale":"en_US","og_type":"article","og_title":"VERKAUFEN oder KAAFEN an LIEWENSRENTE? - Equilibr\u00e9iert Liewensrente","og_description":"D&#8217;LIEWENSRENTE erlaabt : Et ass un eeler Leit, sou friddlech w\u00e9i m\u00e9iglech ze altern\u00e9ieren andeems se hir Immobilieverm\u00e9igen optimis\u00e9ieren an ausnotzen, an engem Wuert, andeems se sech Ierf. Investisseuren k\u00ebnnen hir Zukunft an d\u00e9i vun hirer Famill s\u00e9cheren andeems se Immobilieverm\u00e9igen opbauen, d\u00e9i vu Steiergesetzer gesch\u00fctzt sinn. An dat, duerch eng gutt verstanen finanziell Ber\u00e4icherung...","og_url":"https:\/\/www.viager-equilibre.lu\/lb-lu\/verkaufen-oder-kaafen-an-liewensrente\/","og_site_name":"Equilibr\u00e9iert Liewensrente","twitter_card":"summary_large_image","twitter_misc":{"Est. reading time":"3 minutes"},"schema":{"@context":"https:\/\/schema.org","@graph":[{"@type":"WebPage","@id":"https:\/\/www.viager-equilibre.lu\/lb-lu\/verkaufen-oder-kaafen-an-liewensrente\/","url":"https:\/\/www.viager-equilibre.lu\/lb-lu\/verkaufen-oder-kaafen-an-liewensrente\/","name":"VERKAUFEN oder KAAFEN an LIEWENSRENTE? - Equilibr\u00e9iert Liewensrente","isPartOf":{"@id":"https:\/\/www.viager-equilibre.lu\/lb-lu\/#website"},"datePublished":"2019-01-16T14:59:09+00:00","breadcrumb":{"@id":"https:\/\/www.viager-equilibre.lu\/lb-lu\/verkaufen-oder-kaafen-an-liewensrente\/#breadcrumb"},"inLanguage":"lb-LU","potentialAction":[{"@type":"ReadAction","target":["https:\/\/www.viager-equilibre.lu\/lb-lu\/verkaufen-oder-kaafen-an-liewensrente\/"]}]},{"@type":"BreadcrumbList","@id":"https:\/\/www.viager-equilibre.lu\/lb-lu\/verkaufen-oder-kaafen-an-liewensrente\/#breadcrumb","itemListElement":[{"@type":"ListItem","position":1,"name":"W\u00ebllkomm","item":"https:\/\/www.viager-equilibre.lu\/lb-lu\/"},{"@type":"ListItem","position":2,"name":"VERKAUFEN oder KAAFEN an LIEWENSRENTE?"}]},{"@type":"WebSite","@id":"https:\/\/www.viager-equilibre.lu\/lb-lu\/#website","url":"https:\/\/www.viager-equilibre.lu\/lb-lu\/","name":"Equilibr\u00e9iert Liewensrente","description":"Liewensrente Spezialist am G.D vu L\u00ebtzebuerg","publisher":{"@id":"https:\/\/www.viager-equilibre.lu\/lb-lu\/#organization"},"potentialAction":[{"@type":"SearchAction","target":{"@type":"EntryPoint","urlTemplate":"https:\/\/www.viager-equilibre.lu\/lb-lu\/?s={search_term_string}"},"query-input":{"@type":"PropertyValueSpecification","valueRequired":true,"valueName":"search_term_string"}}],"inLanguage":"lb-LU"},{"@type":"Organization","@id":"https:\/\/www.viager-equilibre.lu\/lb-lu\/#organization","name":"Equilibr\u00e9iert Liewensrente","url":"https:\/\/www.viager-equilibre.lu\/lb-lu\/","logo":{"@type":"ImageObject","inLanguage":"lb-LU","@id":"https:\/\/www.viager-equilibre.lu\/lb-lu\/#\/schema\/logo\/image\/","url":"https:\/\/www.viager-equilibre.lu\/wp-content\/uploads\/2026\/03\/logo.png","contentUrl":"https:\/\/www.viager-equilibre.lu\/wp-content\/uploads\/2026\/03\/logo.png","width":300,"height":105,"caption":"Equilibr\u00e9iert Liewensrente"},"image":{"@id":"https:\/\/www.viager-equilibre.lu\/lb-lu\/#\/schema\/logo\/image\/"}}]}},"_links":{"self":[{"href":"https:\/\/www.viager-equilibre.lu\/lb-lu\/wp-json\/wp\/v2\/pages\/13351","targetHints":{"allow":["GET"]}}],"collection":[{"href":"https:\/\/www.viager-equilibre.lu\/lb-lu\/wp-json\/wp\/v2\/pages"}],"about":[{"href":"https:\/\/www.viager-equilibre.lu\/lb-lu\/wp-json\/wp\/v2\/types\/page"}],"author":[{"embeddable":true,"href":"https:\/\/www.viager-equilibre.lu\/lb-lu\/wp-json\/wp\/v2\/users\/1"}],"replies":[{"embeddable":true,"href":"https:\/\/www.viager-equilibre.lu\/lb-lu\/wp-json\/wp\/v2\/comments?post=13351"}],"version-history":[{"count":0,"href":"https:\/\/www.viager-equilibre.lu\/lb-lu\/wp-json\/wp\/v2\/pages\/13351\/revisions"}],"wp:attachment":[{"href":"https:\/\/www.viager-equilibre.lu\/lb-lu\/wp-json\/wp\/v2\/media?parent=13351"}],"curies":[{"name":"wp","href":"https:\/\/api.w.org\/{rel}","templated":true}]}}